{"id":100,"date":"2022-06-01T15:34:42","date_gmt":"2022-06-01T13:34:42","guid":{"rendered":"https:\/\/panjo.pl\/?page_id=100"},"modified":"2025-10-23T11:58:26","modified_gmt":"2025-10-23T09:58:26","slug":"kontakt","status":"publish","type":"page","link":"https:\/\/panjo.pl\/de\/kontakt\/","title":{"rendered":"Kontakt"},"content":{"rendered":"<section id=\"section-29-133\" class=\"ct-section okruszki-section\" ><div class=\"ct-section-inner-wrap\"><div id=\"shortcode-31-133\" class=\"ct-shortcode okruszki\" ><nav aria-label=\"Semmelbr\u00f6sel\" class=\"rank-math-breadcrumb\"><p><span class=\"last\">Homepage<\/span><\/p><\/nav><\/div><\/div><\/section><section id=\"section-78-100\" class=\"ct-section\" ><div class=\"ct-section-inner-wrap\"><div id=\"div_block-79-100\" class=\"ct-div-block\" ><h3 id=\"headline-80-100\" class=\"ct-headline\">Kontaktangaben<br><\/h3><div id=\"div_block-81-100\" class=\"ct-div-block\" ><div id=\"text_block-82-100\" class=\"ct-text-block b2b-contact-heading\" >Adresse:<\/div><div id=\"text_block-83-100\" class=\"ct-text-block b2b-contact-text\" >Kolaretajew 25<br>63-410 Ko\u0142\u0105tajew <br>Gemeinde Ostr\u00f3w Wielkopolski<br><\/div><\/div><div id=\"text_block-85-100\" class=\"ct-text-block b2b-contact-heading\" >Kontakt<br><\/div><div id=\"text_block-155-100\" class=\"ct-text-block b2b-contact-link\" ><b>Haben Sie noch Fragen?<\/b> Nehmen Sie Kontakt mit uns auf!<div><br><div>Mail: sklep@panjo.pl<\/div><\/div><\/div><a id=\"link_text-87-100\" class=\"ct-link-text b2b-contact-link\" href=\"tel:+48603088824\"   >Monika - wsp\u00f3\u0142praca B2B, ksi\u0119gowo\u015b\u0107, zam\u00f3wienia hurtowe, marketing<div>tel. +48 573 664 461<br><div><b><br><\/b><\/div><div>Marietta \u2013 sklep online, wysy\u0142ka, produkcja<\/div><div>tel. +48 573 626 562<b><br><\/b><\/div><\/div><\/a><div id=\"div_block-84-100\" class=\"ct-div-block\" ><div id=\"div_block-86-100\" class=\"ct-div-block\" ><a id=\"link_text-88-100\" class=\"ct-link-text b2b-contact-link\" href=\"tel:+48505136443\"   ><br><div><br><\/div><\/a><a id=\"link_text-89-100\" class=\"ct-link-text b2b-contact-link\" href=\"mailto:sklep@panjo.pl\"   ><br><\/a><\/div><\/div><h3 id=\"headline-90-100\" class=\"ct-headline\">Soziale Medien<br><\/h3><div id=\"div_block-91-100\" class=\"ct-div-block\" ><a id=\"link_text-92-100\" class=\"ct-link-text b2b-contact-link\" href=\"https:\/\/www.facebook.com\/PanjoNature\/\" target=\"_blank\" rel=\"noopener\">Facebook<\/a><a id=\"link_text-93-100\" class=\"ct-link-text b2b-contact-link\" href=\"https:\/\/www.instagram.com\/panjo.nature\/\" target=\"_blank\" rel=\"noopener\">Instagram<\/a><a id=\"link_text-94-100\" class=\"ct-link-text b2b-contact-link\" href=\"http:\/\/\" target=\"_self\"  ><\/a><\/div><\/div><div id=\"div_block-95-100\" class=\"ct-div-block\" ><h3 id=\"headline-96-100\" class=\"ct-headline\">Kontakt-Formular<\/h3><div id=\"shortcode-97-100\" class=\"ct-shortcode b2b-form\" >\n<div class=\"wpcf7 no-js\" id=\"wpcf7-f180-o1\" lang=\"pl-PL\" dir=\"ltr\">\n<div class=\"screen-reader-response\"><p role=\"status\" aria-live=\"polite\" aria-atomic=\"true\"><\/p> <ul><\/ul><\/div>\n<form action=\"\/de\/wp-json\/wp\/v2\/pages\/100#wpcf7-f180-o1\" method=\"post\" class=\"wpcf7-form init\" aria-label=\"Kontakt-Formular\" novalidate=\"novalidate\" data-status=\"init\" data-trp-original-action=\"\/de\/wp-json\/wp\/v2\/pages\/100#wpcf7-f180-o1\">\n<div style=\"display: none;\">\n<input type=\"hidden\" name=\"_wpcf7\" value=\"180\" \/>\n<input type=\"hidden\" name=\"_wpcf7_version\" value=\"5.8.1\" \/>\n<input type=\"hidden\" name=\"_wpcf7_locale\" value=\"pl_PL\" \/>\n<input type=\"hidden\" name=\"_wpcf7_unit_tag\" value=\"wpcf7-f180-o1\" \/>\n<input type=\"hidden\" name=\"_wpcf7_container_post\" value=\"0\" \/>\n<input type=\"hidden\" name=\"_wpcf7_posted_data_hash\" value=\"\" \/>\n<\/div>\n<p><label> Name <\/label><br \/>\n<span class=\"wpcf7-form-control-wrap\" data-name=\"your-name\"><input size=\"40\" class=\"wpcf7-form-control wpcf7-text wpcf7-validates-as-required\" aria-required=\"true\" aria-invalid=\"false\" placeholder=\"z.B. John Smith\" value=\"\" type=\"text\" name=\"your-name\" \/><\/span>\n<\/p>\n<p><label> E-Mail Adresse <\/label><br \/>\n<span class=\"wpcf7-form-control-wrap\" data-name=\"your-email\"><input size=\"40\" class=\"wpcf7-form-control wpcf7-email wpcf7-validates-as-required wpcf7-text wpcf7-validates-as-email\" aria-required=\"true\" aria-invalid=\"false\" placeholder=\"z.B. j.kowalski@o2.pl\" value=\"\" type=\"email\" name=\"your-email\" \/><\/span>\n<\/p>\n<p><label> Rufnummer <\/label><br \/>\n<span class=\"wpcf7-form-control-wrap\" data-name=\"tel-392\"><input size=\"40\" class=\"wpcf7-form-control wpcf7-tel wpcf7-validates-as-required wpcf7-text wpcf7-validates-as-tel\" aria-required=\"true\" aria-invalid=\"false\" placeholder=\"z.B. 600 500 400\" value=\"\" type=\"tel\" name=\"tel-392\" \/><\/span>\n<\/p>\n<p><label> Ihre Nachricht <\/label><br \/>\n<span class=\"wpcf7-form-control-wrap\" data-name=\"your-message\"><textarea cols=\"40\" rows=\"10\" class=\"wpcf7-form-control wpcf7-textarea wpcf7-validates-as-required\" aria-required=\"true\" aria-invalid=\"false\" placeholder=\"Beispiel f\u00fcr den Inhalt einer Nachricht\" name=\"your-message\"><\/textarea><\/span>\n<\/p>\n<p><input class=\"wpcf7-form-control wpcf7-submit has-spinner\" type=\"submit\" value=\"Eine Nachricht senden\" \/>\n<\/p><div class=\"wpcf7-response-output\" aria-hidden=\"true\"><\/div>\n<input type=\"hidden\" name=\"trp-form-language\" value=\"de\"\/><\/form>\n<\/div>\n<\/div><\/div><\/div><\/section><section id=\"punkty\" class=\"ct-section\" ><div class=\"ct-section-inner-wrap\"><div id=\"div_block-21-100\" class=\"ct-div-block\" ><h2 id=\"headline-24-100\" class=\"ct-headline\">Station\u00e4re Punkte<br><\/h2><div id=\"_dynamic_list-162-100\" class=\"oxy-dynamic-list\"><div id=\"div_block-163-100-1\" class=\"ct-div-block\" data-id=\"div_block-163-100\"><div id=\"div_block-166-100-1\" class=\"ct-div-block\" data-id=\"div_block-166-100\"><div id=\"text_block-167-100-1\" class=\"ct-text-block b2b-contact-heading\" data-id=\"text_block-167-100\"><span id=\"span-191-100\" class=\"ct-span\" >KOSMETIKSALON \"MONIKA\"<\/span><\/div><div id=\"text_block-168-100-1\" class=\"ct-text-block b2b-contact-text\" data-id=\"text_block-168-100\"><span id=\"span-198-100\" class=\"ct-span\" >13B Kirchenstra\u00dfe<\/span><br><span id=\"span-199-100\" class=\"ct-span\" >63-410 Gorzyce Wielkie<\/span><\/div><\/div><\/div><div id=\"div_block-163-100-2\" class=\"ct-div-block\" data-id=\"div_block-163-100\"><div id=\"div_block-166-100-2\" class=\"ct-div-block\" data-id=\"div_block-166-100\"><div id=\"text_block-167-100-2\" class=\"ct-text-block b2b-contact-heading\" data-id=\"text_block-167-100\"><span id=\"span-191-100\" class=\"ct-span\" >HERBA-FARM<\/span><\/div><div id=\"text_block-168-100-2\" class=\"ct-text-block b2b-contact-text\" data-id=\"text_block-168-100\"><span id=\"span-198-100\" class=\"ct-span\" >Przykop 63<\/span><br><span id=\"span-199-100\" class=\"ct-span\" >87-300 Brodnica<\/span><\/div><\/div><\/div><div id=\"div_block-163-100-3\" class=\"ct-div-block\" data-id=\"div_block-163-100\"><div id=\"div_block-166-100-3\" class=\"ct-div-block\" data-id=\"div_block-166-100\"><div id=\"text_block-167-100-3\" class=\"ct-text-block b2b-contact-heading\" data-id=\"text_block-167-100\"><span id=\"span-191-100\" class=\"ct-span\" >DAS NORWEGISCHE DORF ARENDEL<\/span><\/div><div id=\"text_block-168-100-3\" class=\"ct-text-block b2b-contact-text\" data-id=\"text_block-168-100\"><span id=\"span-198-100\" class=\"ct-span\" >Vladimirov 16<\/span><br><span id=\"span-199-100\" class=\"ct-span\" >62-410 Zag\u00f3r\u00f3w<\/span><\/div><\/div><\/div><div id=\"div_block-163-100-4\" class=\"ct-div-block\" data-id=\"div_block-163-100\"><div id=\"div_block-166-100-4\" class=\"ct-div-block\" data-id=\"div_block-166-100\"><div id=\"text_block-167-100-4\" class=\"ct-text-block b2b-contact-heading\" data-id=\"text_block-167-100\"><span id=\"span-191-100\" class=\"ct-span\" >RUNO Kr\u00e4utergesch\u00e4ft<\/span><\/div><div id=\"text_block-168-100-4\" class=\"ct-text-block b2b-contact-text\" data-id=\"text_block-168-100\"><span id=\"span-198-100\" class=\"ct-span\" >Garbary 39<\/span><br><span id=\"span-199-100\" class=\"ct-span\" >61-869 Pozna\u0144<\/span><\/div><\/div><\/div><div id=\"div_block-163-100-5\" class=\"ct-div-block\" data-id=\"div_block-163-100\"><div id=\"div_block-166-100-5\" class=\"ct-div-block\" data-id=\"div_block-166-100\"><div id=\"text_block-167-100-5\" class=\"ct-text-block b2b-contact-heading\" data-id=\"text_block-167-100\"><span id=\"span-191-100\" class=\"ct-span\" >NihilNovi Studio <\/span><\/div><div id=\"text_block-168-100-5\" class=\"ct-text-block b2b-contact-text\" data-id=\"text_block-168-100\"><span id=\"span-198-100\" class=\"ct-span\" >Pi\u0142sudskiego 39<\/span><br><span id=\"span-199-100\" class=\"ct-span\" >50-523 Breslau (Wroc\u0142aw)<\/span><\/div><\/div><\/div><div id=\"div_block-163-100-6\" class=\"ct-div-block\" data-id=\"div_block-163-100\"><div id=\"div_block-166-100-6\" class=\"ct-div-block\" data-id=\"div_block-166-100\"><div id=\"text_block-167-100-6\" class=\"ct-text-block b2b-contact-heading\" data-id=\"text_block-167-100\"><span id=\"span-191-100\" class=\"ct-span\" >\u00c4sthetische Kosmetologie von Sylwia Szczepankiewicz<\/span><\/div><div id=\"text_block-168-100-6\" class=\"ct-text-block b2b-contact-text\" data-id=\"text_block-168-100\"><span id=\"span-198-100\" class=\"ct-span\" >Eisenbahn 36<\/span><br><span id=\"span-199-100\" class=\"ct-span\" >62-064 Plewiska<\/span><\/div><\/div><\/div><div id=\"div_block-163-100-7\" class=\"ct-div-block\" data-id=\"div_block-163-100\"><div id=\"div_block-166-100-7\" class=\"ct-div-block\" data-id=\"div_block-166-100\"><div id=\"text_block-167-100-7\" class=\"ct-text-block b2b-contact-heading\" data-id=\"text_block-167-100\"><span id=\"span-191-100\" class=\"ct-span\" >Geburtsschule \"Hebamme mit Herz\"<\/span><\/div><div id=\"text_block-168-100-7\" class=\"ct-text-block b2b-contact-text\" data-id=\"text_block-168-100\"><span id=\"span-198-100\" class=\"ct-span\" >Mylna 13<\/span><br><span id=\"span-199-100\" class=\"ct-span\" >60-538 Pozna\u0144<\/span><\/div><\/div><\/div><\/div>\n<\/div><div id=\"div_block-141-100\" class=\"ct-div-block\" ><div id=\"code_block-154-100\" class=\"ct-code-block\" ><script>\n\nvar markers;\n\nfunction initMap() {\n\nconsole.log('test mapy');\n\n      var map = new google.maps.Map(document.getElementById('div_block-141-100'), {\n        zoom: 6,\n        center: { lat: 51.6, lng: 19.391729327070404 },\n        mapTypeId: \"roadmap\",\n        styles: [\n    {\n        \"featureType\": \"all\",\n        \"elementType\": \"all\",\n        \"stylers\": [\n            {\n                \"saturation\": \"-29\"\n            },\n            {\n                \"lightness\": \"0\"\n            },\n            {\n                \"hue\": \"#FF8D00\"\n            }\n        ]\n    },\n    {\n        \"featureType\": \"all\",\n        \"elementType\": \"geometry.fill\",\n        \"stylers\": [\n            {\n                \"gamma\": \"1.61\"\n            },\n            {\n                \"lightness\": \"36\"\n            },\n            {\n                \"saturation\": \"-14\"\n            }\n        ]\n    },\n    {\n        \"featureType\": \"administrative.country\",\n        \"elementType\": \"labels\",\n        \"stylers\": [\n            {\n                \"visibility\": \"off\"\n            }\n        ]\n    },\n    {\n        \"featureType\": \"administrative.province\",\n        \"elementType\": \"labels\",\n        \"stylers\": [\n            {\n                \"visibility\": \"off\"\n            }\n        ]\n    },\n    {\n        \"featureType\": \"administrative.locality\",\n        \"elementType\": \"labels\",\n        \"stylers\": [\n            {\n                \"visibility\": \"on\"\n            }\n        ]\n    },\n    {\n        \"featureType\": \"administrative.neighborhood\",\n        \"elementType\": \"labels\",\n        \"stylers\": [\n            {\n                \"visibility\": \"off\"\n            }\n        ]\n    },\n    {\n        \"featureType\": \"administrative.land_parcel\",\n        \"elementType\": \"labels\",\n        \"stylers\": [\n            {\n                \"visibility\": \"off\"\n            }\n        ]\n    },\n    {\n        \"featureType\": \"landscape\",\n        \"elementType\": \"all\",\n        \"stylers\": [\n            {\n                \"lightness\": \"0\"\n            }\n        ]\n    },\n    {\n        \"featureType\": \"landscape\",\n        \"elementType\": \"geometry\",\n        \"stylers\": [\n            {\n                \"saturation\": \"-50\"\n            }\n        ]\n    },\n    {\n        \"featureType\": \"landscape\",\n        \"elementType\": \"geometry.fill\",\n        \"stylers\": [\n            {\n                \"saturation\": \"4\"\n            }\n        ]\n    },\n    {\n        \"featureType\": \"landscape.man_made\",\n        \"elementType\": \"geometry.fill\",\n        \"stylers\": [\n            {\n                \"lightness\": \"-11\"\n            },\n            {\n                \"gamma\": \"0.93\"\n            },\n            {\n                \"saturation\": \"-100\"\n            }\n        ]\n    },\n    {\n        \"featureType\": \"landscape.natural\",\n        \"elementType\": \"geometry\",\n        \"stylers\": [\n            {\n                \"saturation\": \"5\"\n            }\n        ]\n    },\n    {\n        \"featureType\": \"landscape.natural.landcover\",\n        \"elementType\": \"geometry\",\n        \"stylers\": [\n            {\n                \"saturation\": \"-2\"\n            }\n        ]\n    },\n    {\n        \"featureType\": \"landscape.natural.terrain\",\n        \"elementType\": \"geometry\",\n        \"stylers\": [\n            {\n                \"saturation\": \"-17\"\n            }\n        ]\n    },\n    {\n        \"featureType\": \"landscape.natural.terrain\",\n        \"elementType\": \"labels\",\n        \"stylers\": [\n            {\n                \"visibility\": \"off\"\n            }\n        ]\n    },\n    {\n        \"featureType\": \"poi\",\n        \"elementType\": \"labels\",\n        \"stylers\": [\n            {\n                \"visibility\": \"on\"\n            }\n        ]\n    },\n    {\n        \"featureType\": \"poi.park\",\n        \"elementType\": \"geometry\",\n        \"stylers\": [\n            {\n                \"saturation\": \"-64\"\n            },\n            {\n                \"lightness\": \"-8\"\n            }\n        ]\n    },\n    {\n        \"featureType\": \"poi.park\",\n        \"elementType\": \"labels\",\n        \"stylers\": [\n            {\n                \"visibility\": \"off\"\n            }\n        ]\n    },\n    {\n        \"featureType\": \"road.highway\",\n        \"elementType\": \"geometry.fill\",\n        \"stylers\": [\n            {\n                \"visibility\": \"on\"\n            },\n            {\n                \"lightness\": \"-40\"\n            },\n            {\n                \"saturation\": \"-61\"\n            }\n        ]\n    },\n    {\n        \"featureType\": \"road.highway\",\n        \"elementType\": \"geometry.stroke\",\n        \"stylers\": [\n            {\n                \"visibility\": \"on\"\n            },\n            {\n                \"color\": \"#FFFFFF\"\n            },\n            {\n                \"weight\": \"1.5\"\n            }\n        ]\n    },\n    {\n        \"featureType\": \"road.highway\",\n        \"elementType\": \"labels\",\n        \"stylers\": [\n            {\n                \"visibility\": \"off\"\n            }\n        ]\n    },\n    {\n        \"featureType\": \"road.arterial\",\n        \"elementType\": \"labels\",\n        \"stylers\": [\n            {\n                \"visibility\": \"off\"\n            }\n        ]\n    },\n    {\n        \"featureType\": \"water\",\n        \"elementType\": \"all\",\n        \"stylers\": [\n            {\n                \"color\": \"#C1BDB5\"\n            }\n        ]\n    }\n],\n      });\n\t\n    var locations = [\n      \t\t\t            {lat: 51.6362134962331, lng: 17.724082573910266, title: 'SALON KOSMETYCZNY \"MONIKA\"', kod: '63-410 Gorzyce Wielkie', numberq2: 'Ko\u015bcielna 13B'},\n                        {lat: 53.254269784828914, lng: 19.403312698492222, title: 'HERBA-FARM', kod: '87-300 Brodnica', numberq2: 'Przykop 63'},\n                        {lat: 52.130915138517935, lng: 17.9128511, title: 'WIOSKA NORWESKA ARENDEL', kod: '62-410 Zag\u00f3r\u00f3w', numberq2: 'W\u0142odzimir\u00f3w 16'},\n                        {lat: 52.405738, lng: 16.937308, title: 'RUNO Sklep Zielarski', kod: '61-869 Pozna\u0144', numberq2: 'Garbary 39'},\n                        {lat: 51.10205812702802, lng: 17.0261508814486, title: 'NihilNovi Studio ', kod: '50-523 Wroc\u0142aw', numberq2: 'Pi\u0142sudskiego 39'},\n                        {lat: 52.36749598764611, lng: 16.808009625709026, title: 'Kosmetologia Estetyczna by Sylwia Szczepankiewicz', kod: '62-064 Plewiska', numberq2: 'Kolejowa 36'},\n                        {lat: 52.41505334876644, lng: 16.908208643653467, title: 'Szko\u0142a Rodzenia \"Po\u0142o\u017cna z Sercem\"', kod: '60-538 Pozna\u0144', numberq2: 'Mylna 13'},\n            \t\t    ];\t\n\t\n\t\tvar lastWindow = null;\n\t\tvar markers = [];\n\t\tvar bounds = new google.maps.LatLngBounds();\n    var imageIcon = 'https:\/\/panjo.pl\/wp-content\/uploads\/2022\/07\/Ellipse-14.svg';\n\n\t\tfunction setMarkers(map,miejsca){\n\n\t\t\tvar max = miejsca.length - 1;\n\n\t\t\tfor (var i = 0; i < miejsca.length; i++) {\n\t\t\t\t\n\t\t\t\tvar miejsce = miejsca[i];\n\t\t\t\tvar siteLatLng = new google.maps.LatLng(miejsce.lat, miejsce.lng);\n\t\t\t\tmarkers[i] = new google.maps.Marker({\n\t\t\t\t\tposition: siteLatLng,\n\t\t\t\t\tmap: map,\n          icon: imageIcon,\n\t\t\t\t\ttitle: miejsce.title.replace('&#038;', '&').replace('&#8211;', '-').replace('&#8217;', \"'\")\n\t\t\t\t});\n\t\t\t\t\n\t\t\t\thtml = '<div class=\"custom_marker\"><div class=\"name\">' + miejsce.title + '<\/div><div class=\"number\">'+ miejsce.numberq2 +'<\/div><div class=\"kod\">'+ miejsce.kod +'<\/div>';\n\n\t\t\t\tmarkers[i].info = new google.maps.InfoWindow({\n\t\t\t\t\tcontent: html\n\t\t\t\t});\t\n\t\t\t\t\n\t\t\t\tgoogle.maps.event.addListener(markers[i], 'click', function() {\n\t\t\t\t\tvar maxZindex = google.maps.Marker.MAX_ZINDEX;\n\t\t\t\t\tvar zInd = (maxZindex + 1);\n\t\t\t\t\tthis.setOptions({zIndex:zInd});\n\t\t\t\t\tif (lastWindow) lastWindow.close();\n\t\t\t\t\tthis.info.open(map, this);\n\t\t\t\t\tlastWindow=this.info;\n\t\t\t\t\tmap.panTo(this.position);\n\t\t\t\t});\t\t\n\t\t\t\t\n\t\t\t\tbounds.extend(siteLatLng);\n\n\t\t\t}\n\t\t};\n\t\n\t\tconsole.log(markers);\n\t\n\t\tsetMarkers(map,locations);\n\t\n\t\tvar maxm = markers.length;\n\t\n\t\tvar latlng = new google.maps.LatLng(52.088224, 19.126781);\n\t\n\t\tif(maxm == 0){\n\t\t\tmarkers[0] = new google.maps.Marker({\n\t\t\t\tposition: latlng,\n\t\t\t\tmap: map,\n        icon: imageIcon,\n\t\t\t});\n\t\t}\t\n\t\n\t\tif(maxm > 1){\n\t\t  map.fitBounds(bounds);\n\t\t}else{\n\t\t  map.setCenter(markers[0].getPosition());\n\t\t};\n\t\n\n      var markerCluster = new MarkerClusterer(map, markers, {imagePath: 'https:\/\/panjo.pl\/wp-content\/uploads\/2022\/07\/Ellipse-108'});\n      var styles = markerCluster.getStyles();\n\t\tfor (let i=0; i<styles.length; i++) {\n\t\t  styles[i].textColor = \"#fff\";\n\t\t  styles[i].textSize = 14;\n\t\t  styles[i].height = 36;\n\t\t  styles[i].width = 36;\n\t\t  styles[i].anchor = [36,36];\n\t\t}\n\n\t\n\t\n\t\n\t\n\t\n\t\n      \/\/const input = document.getElementById(\"pac-input\");\n     \/\/ const searchBox = new google.maps.places.SearchBox(input);\n\n  \/\/     map.addListener(\"bounds_changed\", () => {\n  \/\/   \t  searchBox.setBounds(map.getBounds());\n  \/\/     });\n\n  \/\/   searchBox.addListener(\"places_changed\", () => {\n\t\t\n\t\/\/ \tconst places = searchBox.getPlaces();\n\n\t\/\/ \tif (places.length == 0) {\n\t\/\/ \t  return;\n\t\/\/ \t}\n\n\t\/\/ \tmarkers = [];\n\n\t\/\/ \tconst bounds = new google.maps.LatLngBounds();\n\n\t\/\/ \tplaces.forEach((place) => {\n\t\/\/ \t  if (!place.geometry || !place.geometry.location) {\n\t\/\/ \t\tconsole.log(\"Returned place contains no geometry\");\n\t\/\/ \t\treturn;\n\t\/\/ \t  }\n\n\t\/\/ \t  const icon = {\n\t\/\/ \t\turl: place.icon,\n\t\/\/ \t\tsize: new google.maps.Size(71, 71),\n\t\/\/ \t\torigin: new google.maps.Point(0, 0),\n\t\/\/ \t\tanchor: new google.maps.Point(17, 34),\n\t\/\/ \t\tscaledSize: new google.maps.Size(25, 25),\n\t\/\/ \t  };\n\n\t\/\/ \t  markers.push(\n\t\/\/ \t\tnew google.maps.Marker({\n\t\/\/ \t\t  map,\n\t\/\/ \t\t  icon,\n\t\/\/ \t\t  title: place.name,\n\t\/\/ \t\t  position: place.geometry.location,\n\t\/\/ \t\t})\n\t\/\/ \t  );\n\t\/\/ \t  if (place.geometry.viewport) {\n\t\/\/ \t\tbounds.union(place.geometry.viewport);\n\t\/\/ \t  } else {\n\t\/\/ \t\tbounds.extend(place.geometry.location);\n\t\/\/ \t  }\n\t\/\/ \t});\n\n\t\/\/ \tmap.fitBounds(bounds);\n\t\t  \n  \/\/ });\n\t\n\t\n\t\n\t\n\t\n\t\n\t\n\n\n  infoWindow = new google.maps.InfoWindow();\n  \/\/ const locationButton = document.createElement(\"button\");\n\n  \/\/ locationButton.textContent = \"Pan to Current Location\";\n  \/\/ locationButton.classList.add(\"custom-map-control-button\");\n\n\n  \/\/ map.controls[google.maps.ControlPosition.TOP_CENTER].push(locationButton);\n  \/\/ locationButton.addEventListener(\"click\", () => {\n  \/\/   \/\/ Try HTML5 geolocation.\n  \/\/   if (navigator.geolocation) {\n  \/\/     navigator.geolocation.getCurrentPosition(\n  \/\/       (position) => {\n  \/\/         const pos = {\n  \/\/           lat: position.coords.latitude,\n  \/\/           lng: position.coords.longitude,\n  \/\/         };\n  \/\/         infoWindow.setPosition(pos);\n  \/\/         infoWindow.setContent(\"<span class='your-location'>Twoja lokalizacja<\/span>\");\n  \/\/         infoWindow.open(map);\n  \/\/         map.setCenter(pos);\n  \/\/       },\n  \/\/       () => {\n  \/\/         handleLocationError(true, infoWindow, map.getCenter());\n  \/\/       }\n  \/\/     );\n  \/\/   } else {\n  \/\/     \/\/ Browser doesn't support Geolocation\n  \/\/     handleLocationError(false, infoWindow, map.getCenter());\n  \/\/   }\n  \/\/ });\n\n\n\n  function handleLocationError(browserHasGeolocation, infoWindow, pos) {\n  infoWindow.setPosition(pos);\n  infoWindow.setContent(\n    browserHasGeolocation\n      ? \"Error: The Geolocation service failed.\"\n      : \"Error: Your browser doesn't support geolocation.\"\n  );\n  infoWindow.open(map);\n}\n\n\n}\n\n\ninitMap();\n\n\n\n\n   \/\/ jQuery(document).ready(function(){\n   \/\/ jQuery('.custom-map-control-button-main').on('click', function(){\n        \/\/jQuery('.custom-map-control-button').trigger('click');\n   \/\/ })\n\/\/ })\n\n\n\n<\/script>\n<!-- Replace following script src -->\n<script src=\"https:\/\/panjo.pl\/wp-content\/plugins\/craftweb\/js\/markerclusterer.js\"><\/script>\n<script async defer\n src=\"https:\/\/maps.googleapis.com\/maps\/api\/js?key=AIzaSyCLJOiQDbKRhq2hDeNfm3sm2NNpuf7nlNc&callback=initMap\"><\/script><\/div><\/div><\/div><\/section>","protected":false},"excerpt":{"rendered":"","protected":false},"author":2,"featured_media":0,"parent":0,"menu_order":0,"comment_status":"closed","ping_status":"closed","template":"","meta":{"_acf_changed":false,"inline_featured_image":false,"footnotes":""},"class_list":["post-100","page","type-page","status-publish","hentry"],"acf":[],"_links":{"self":[{"href":"https:\/\/panjo.pl\/de\/wp-json\/wp\/v2\/pages\/100","targetHints":{"allow":["GET"]}}],"collection":[{"href":"https:\/\/panjo.pl\/de\/wp-json\/wp\/v2\/pages"}],"about":[{"href":"https:\/\/panjo.pl\/de\/wp-json\/wp\/v2\/types\/page"}],"author":[{"embeddable":true,"href":"https:\/\/panjo.pl\/de\/wp-json\/wp\/v2\/users\/2"}],"replies":[{"embeddable":true,"href":"https:\/\/panjo.pl\/de\/wp-json\/wp\/v2\/comments?post=100"}],"version-history":[{"count":33,"href":"https:\/\/panjo.pl\/de\/wp-json\/wp\/v2\/pages\/100\/revisions"}],"predecessor-version":[{"id":9245,"href":"https:\/\/panjo.pl\/de\/wp-json\/wp\/v2\/pages\/100\/revisions\/9245"}],"wp:attachment":[{"href":"https:\/\/panjo.pl\/de\/wp-json\/wp\/v2\/media?parent=100"}],"curies":[{"name":"wp","href":"https:\/\/api.w.org\/{rel}","templated":true}]}}