{"id":98,"date":"2022-06-01T15:34:14","date_gmt":"2022-06-01T13:34:14","guid":{"rendered":"https:\/\/panjo.pl\/?page_id=98"},"modified":"2022-07-27T00:53:50","modified_gmt":"2022-07-26T22:53:50","slug":"o-nas","status":"publish","type":"page","link":"https:\/\/panjo.pl\/de\/o-nas\/","title":{"rendered":"\u00dcber uns"},"content":{"rendered":"<section id=\"section-2-98\" class=\"ct-section\" style=\"background-image:url(https:\/\/panjo.pl\/wp-content\/uploads\/2022\/06\/Hero-section-2.png);background-size: cover;\" ><div class=\"ct-section-inner-wrap\"><h1 id=\"headline-3-98\" class=\"ct-headline\">\u00dcber uns - PANJO<br><\/h1><div id=\"div_block-5-98\" class=\"ct-div-block\" ><div id=\"text_block-6-98\" class=\"ct-text-block\" >Wir sind junge M\u00fctter, die, wie jede Frau, das Beste f\u00fcr ihre Familie wollen. Wir haben beschlossen, Kosmetika zu kreieren, die sich um jedes Mitglied Ihrer Familie k\u00fcmmern. Komm zu uns und entdecke, wie unsere PANJO Produkte deine t\u00e4gliche Pflege noch besser machen k\u00f6nnen! &lt;3&nbsp;<br><\/div><\/div><\/div><\/section><section id=\"section-7-98\" class=\"ct-section img-div-section\" ><div class=\"ct-section-inner-wrap\"><img decoding=\"async\"  id=\"image-8-98\" alt=\"\" src=\"https:\/\/panjo.pl\/wp-content\/uploads\/2022\/07\/sesja_wizerunkowa_mm-43-scaled.jpg\" class=\"ct-image side-img\" srcset-disabled=\"https:\/\/panjo.pl\/wp-content\/uploads\/2022\/07\/sesja_wizerunkowa_mm-43-scaled.jpg 2560w, https:\/\/panjo.pl\/wp-content\/uploads\/2022\/07\/sesja_wizerunkowa_mm-43-300x200.jpg 300w, https:\/\/panjo.pl\/wp-content\/uploads\/2022\/07\/sesja_wizerunkowa_mm-43-1024x683.jpg 1024w, https:\/\/panjo.pl\/wp-content\/uploads\/2022\/07\/sesja_wizerunkowa_mm-43-768x512.jpg 768w, https:\/\/panjo.pl\/wp-content\/uploads\/2022\/07\/sesja_wizerunkowa_mm-43-1536x1024.jpg 1536w, https:\/\/panjo.pl\/wp-content\/uploads\/2022\/07\/sesja_wizerunkowa_mm-43-600x400.jpg 600w\" sizes=\"(max-width: 2560px) 100vw, 2560px\" \/><div id=\"div_block-9-98\" class=\"ct-div-block side-div\" ><div id=\"div_block-10-98\" class=\"ct-div-block side-div-inner\" ><h2 id=\"headline-11-98\" class=\"ct-headline h2-alt\">Marietta und Monika -<br><\/h2><div id=\"text_block-12-98\" class=\"ct-text-block\" >Freunde aus der Studienzeit. Heute ziehen sie Kinder auf - motiviert, ihnen das Beste zu geben. Und es gleichzeitig mit der Welt zu teilen. Nat\u00fcrliche, biologische Seifen, Salze, Peelings und Shampoos, die mit Leidenschaft, Wissen und \u00e4u\u00dferster Sorgfalt hergestellt werden. All dies wird mit Blick auf Sie, Ihre und unsere Familien hergestellt. Wir sind sicher, dass das, was in unserer Werkstatt entsteht, das Beste f\u00fcr Ihre Haut ist. In der Hitze der elterlichen Pflichten tun wir das, was wir am besten k\u00f6nnen. Wir kombinieren Zutaten, sieben, kochen, mischen und gie\u00dfen. Wir k\u00fcmmern uns um jedes Detail, auch um das kleinste. <br><\/div><\/div><\/div><\/div><\/section><section id=\"section-13-98\" class=\"ct-section img-div-section\" ><div class=\"ct-section-inner-wrap\"><div id=\"div_block-15-98\" class=\"ct-div-block side-div\" ><div id=\"div_block-16-98\" class=\"ct-div-block side-div-inner\" ><h2 id=\"headline-17-98\" class=\"ct-headline h2-alt\">Mission und Vision der Marke<br><\/h2><div id=\"text_block-18-98\" class=\"ct-text-block\" >Unsere Produkte werden aus Pflanzen\u00f6len h\u00f6chster Qualit\u00e4t hergestellt, ohne k\u00fcnstliche Konservierungs- und Farbstoffe. Jede Rezeptur wird mit vollem Engagement entwickelt, wobei jedes Detail beachtet wird.<br><br>Als M\u00fctter und Kreative lassen wir uns von der Natur und der Mutterschaft inspirieren, um Produkte zu entwickeln, die nicht nur wirksam, sondern auch sicher f\u00fcr unsere j\u00fcngsten Familienmitglieder sind.<br><br>PANJO hat es sich zur Aufgabe gemacht, Frauen in jeder Phase ihrer Mutterschaft zu unterst\u00fctzen, von dem Moment an, in dem sie erfahren, dass sie schwanger sind, bis zu dem Moment, in dem sie Mutter werden. Wir entwickeln nat\u00fcrliche, sichere und wirksame Sch\u00f6nheitsprodukte, die die Haut von Frauen in dieser einzigartigen Zeit pflegen und sch\u00fctzen. Unsere Vision ist es, die Gesundheit und das Wohlbefinden von werdenden M\u00fcttern und M\u00fcttern von heute zu f\u00f6rdern, indem wir nat\u00fcrliche und nachhaltige Hautpflegepraktiken unterst\u00fctzen. Wir wollen Frauen dazu erziehen und inspirieren, sich selbst und ihre Familie auf m\u00f6glichst nat\u00fcrliche und sichere Weise zu pflegen und dabei unseren Planeten zu respektieren.<br><br><br>Unser Anspruch: Mutter Natur k\u00fcmmert sich um Sie&nbsp;<br><br><br><br><br>  <br><\/div><\/div><\/div><\/div><\/section><section id=\"section-27-98\" class=\"ct-section\" ><div class=\"ct-section-inner-wrap\"><div id=\"div_block-38-98\" class=\"ct-div-block\" ><div id=\"div_block-28-98\" class=\"ct-div-block\" ><div id=\"div_block-29-98\" class=\"ct-div-block usp-item uspitem2\" ><img decoding=\"async\"  id=\"image-30-98\" alt=\"\" src=\"https:\/\/panjo.pl\/wp-content\/uploads\/2022\/07\/np_natural_4919024_000000-3.svg\" class=\"ct-image usp-img-large\" srcset-disabled=\"\" sizes=\"(max-width: 48px) 100vw, 48px\" \/><div id=\"text_block-31-98\" class=\"ct-text-block usp-text\" >Nat\u00fcrliche, biologische, einzigartige Kosmetik.<\/div><\/div><div id=\"div_block-32-98\" class=\"ct-div-block usp-item uspitem2\" ><img decoding=\"async\"  id=\"image-33-98\" alt=\"\" src=\"https:\/\/panjo.pl\/wp-content\/uploads\/2022\/07\/np_chemical-free_4730838_000000-3.svg\" class=\"ct-image usp-img-large\" srcset-disabled=\"\" sizes=\"(max-width: 48px) 100vw, 48px\" \/><div id=\"text_block-34-98\" class=\"ct-text-block usp-text\" >Ohne Konservierungsstoffe<\/div><\/div><div id=\"div_block-72-98\" class=\"ct-div-block usp-item uspitem2\" ><img decoding=\"async\"  id=\"image-73-98\" alt=\"\" src=\"https:\/\/panjo.pl\/wp-content\/uploads\/2022\/07\/np_no-dye_3801974_000000-3.svg\" class=\"ct-image usp-img-large\" srcset-disabled=\"\" sizes=\"(max-width: 48px) 100vw, 48px\" \/><div id=\"text_block-74-98\" class=\"ct-text-block usp-text\" >Farblos<\/div><\/div><div id=\"div_block-35-98\" class=\"ct-div-block usp-item uspitem2\" ><img decoding=\"async\"  id=\"image-36-98\" alt=\"\" src=\"https:\/\/panjo.pl\/wp-content\/uploads\/2022\/07\/np_no-plastic_3801977_000000-4.svg\" class=\"ct-image usp-img-large\" srcset-disabled=\"\" sizes=\"(max-width: 48px) 100vw, 48px\" \/><div id=\"text_block-37-98\" class=\"ct-text-block usp-text\" >Plastikfrei<\/div><\/div><\/div><div id=\"div_block-50-98\" class=\"ct-div-block\" ><div id=\"div_block-57-98\" class=\"ct-div-block usp-item uspitem2\" ><img decoding=\"async\"  id=\"image-58-98\" alt=\"\" src=\"https:\/\/panjo.pl\/wp-content\/uploads\/2022\/07\/np_composition_120129_000000-2.svg\" class=\"ct-image usp-img-large\" srcset-disabled=\"\" sizes=\"(max-width: 48px) 100vw, 48px\" \/><div id=\"text_block-59-98\" class=\"ct-text-block usp-text\" >Einfache, aber gute Komposition<\/div><\/div><div id=\"div_block-51-98\" class=\"ct-div-block usp-item uspitem2\" ><img decoding=\"async\"  id=\"image-52-98\" alt=\"\" src=\"https:\/\/panjo.pl\/wp-content\/uploads\/2022\/07\/np_woman_3824774_000000-2.svg\" class=\"ct-image usp-img-large\" srcset-disabled=\"\" sizes=\"(max-width: 48px) 100vw, 48px\" \/><div id=\"text_block-53-98\" class=\"ct-text-block usp-text\" >Menschenfreundlich<\/div><\/div><div id=\"div_block-54-98\" class=\"ct-div-block usp-item uspitem2\" ><img decoding=\"async\"  id=\"image-55-98\" alt=\"\" src=\"https:\/\/panjo.pl\/wp-content\/uploads\/2022\/07\/np_friendly_3856888_000000-4.svg\" class=\"ct-image usp-img-large\" srcset-disabled=\"\" sizes=\"(max-width: 48px) 100vw, 48px\" \/><div id=\"text_block-56-98\" class=\"ct-text-block usp-text\" >Umweltfreundlich<\/div><\/div><div id=\"div_block-76-98\" class=\"ct-div-block usp-item uspitem2\" ><img decoding=\"async\"  id=\"image-77-98\" alt=\"\" src=\"https:\/\/panjo.pl\/wp-content\/uploads\/2022\/07\/np_poland-map_1685100_000000-3.svg\" class=\"ct-image usp-img-large\" srcset-disabled=\"\" sizes=\"(max-width: 48px) 100vw, 48px\" \/><div id=\"text_block-78-98\" class=\"ct-text-block usp-text\" >Produziert in Polen<\/div><\/div><\/div><\/div><\/div><\/section><section id=\"section-64-98\" class=\"ct-section\" style=\"background-image:url(https:\/\/panjo.pl\/wp-content\/uploads\/2023\/06\/newsletter1.jpg);background-size: cover;\" ><div class=\"ct-section-inner-wrap\"><div id=\"div_block-65-98\" class=\"ct-div-block\" ><h3 id=\"headline-66-98\" class=\"ct-headline\">Newsletter<\/h3><div id=\"text_block-67-98\" class=\"ct-text-block\" >M\u00f6gen Sie Neuigkeiten und Sonderangebote? Wenn Sie Ihre E-Mail-Adresse angeben, werden Sie auf dem Laufenden gehalten und verpassen keine neuen Informationen \u00fcber Aktionen und neue Produkte. Au\u00dferdem <b>Sie erhalten 10 % Rabatt auf Ihren ersten Einkauf.<br><br><\/b><\/div><div id=\"shortcode-68-98\" class=\"ct-shortcode newsletter-form\" >\n<div class=\"wpcf7 no-js\" id=\"wpcf7-f94-o1\" lang=\"pl-PL\" dir=\"ltr\">\n<div class=\"screen-reader-response\"><p role=\"status\" aria-live=\"polite\" aria-atomic=\"true\"><\/p> <ul><\/ul><\/div>\n<form action=\"\/de\/wp-json\/wp\/v2\/pages\/98#wpcf7-f94-o1\" method=\"post\" class=\"wpcf7-form init\" aria-label=\"Kontakt-Formular\" novalidate=\"novalidate\" data-status=\"init\" data-trp-original-action=\"\/de\/wp-json\/wp\/v2\/pages\/98#wpcf7-f94-o1\">\n<div style=\"display: none;\">\n<input type=\"hidden\" name=\"_wpcf7\" value=\"94\" \/>\n<input type=\"hidden\" name=\"_wpcf7_version\" value=\"5.8.1\" \/>\n<input type=\"hidden\" name=\"_wpcf7_locale\" value=\"pl_PL\" \/>\n<input type=\"hidden\" name=\"_wpcf7_unit_tag\" value=\"wpcf7-f94-o1\" \/>\n<input type=\"hidden\" name=\"_wpcf7_container_post\" value=\"0\" \/>\n<input type=\"hidden\" name=\"_wpcf7_posted_data_hash\" value=\"\" \/>\n<\/div>\n<div class=\"cf7wrap\">\n\t<p><span class=\"wpcf7-form-control-wrap\" data-name=\"your-email\"><input size=\"40\" class=\"wpcf7-form-control wpcf7-email wpcf7-validates-as-required wpcf7-text wpcf7-validates-as-email\" aria-required=\"true\" aria-invalid=\"false\" placeholder=\"E-Mail Adresse\" value=\"\" type=\"email\" name=\"your-email\" \/><\/span>\n\t<\/p>\n\t<p><input class=\"wpcf7-form-control wpcf7-submit has-spinner\" type=\"submit\" value=\"Abonnieren Sie unseren Newsletter\" \/>\n\t<\/p>\n<\/div>\n<p><span class=\"wpcf7-form-control-wrap\" data-name=\"acceptance-322\"><span class=\"wpcf7-form-control wpcf7-acceptance\"><span class=\"wpcf7-list-item\"><label><input type=\"checkbox\" name=\"acceptance-322\" value=\"1\" aria-invalid=\"false\" \/><span class=\"wpcf7-list-item-label\">Ich bin mit der Verarbeitung meiner pers\u00f6nlichen Daten durch Panjo sp. z o. o. einverstanden.<\/span><\/label><\/span><\/span><\/span>\n<\/p><div class=\"wpcf7-response-output\" aria-hidden=\"true\"><\/div>\n<input type=\"hidden\" name=\"trp-form-language\" value=\"de\"\/><\/form>\n<\/div>\n<\/div><\/div><\/div><\/section>","protected":false},"excerpt":{"rendered":"","protected":false},"author":2,"featured_media":0,"parent":0,"menu_order":0,"comment_status":"closed","ping_status":"closed","template":"","meta":{"_acf_changed":false,"inline_featured_image":false,"footnotes":""},"class_list":["post-98","page","type-page","status-publish","hentry"],"acf":[],"_links":{"self":[{"href":"https:\/\/panjo.pl\/de\/wp-json\/wp\/v2\/pages\/98","targetHints":{"allow":["GET"]}}],"collection":[{"href":"https:\/\/panjo.pl\/de\/wp-json\/wp\/v2\/pages"}],"about":[{"href":"https:\/\/panjo.pl\/de\/wp-json\/wp\/v2\/types\/page"}],"author":[{"embeddable":true,"href":"https:\/\/panjo.pl\/de\/wp-json\/wp\/v2\/users\/2"}],"replies":[{"embeddable":true,"href":"https:\/\/panjo.pl\/de\/wp-json\/wp\/v2\/comments?post=98"}],"version-history":[{"count":4,"href":"https:\/\/panjo.pl\/de\/wp-json\/wp\/v2\/pages\/98\/revisions"}],"predecessor-version":[{"id":555,"href":"https:\/\/panjo.pl\/de\/wp-json\/wp\/v2\/pages\/98\/revisions\/555"}],"wp:attachment":[{"href":"https:\/\/panjo.pl\/de\/wp-json\/wp\/v2\/media?parent=98"}],"curies":[{"name":"wp","href":"https:\/\/api.w.org\/{rel}","templated":true}]}}