{"id":1604,"date":"2021-11-22T00:22:48","date_gmt":"2021-11-21T22:22:48","guid":{"rendered":"https:\/\/panjo.pl\/?post_type=product&#038;p=1604"},"modified":"2025-02-06T01:00:11","modified_gmt":"2025-02-05T23:00:11","slug":"naturalna-gabka-typu-twarda-glowa","status":"publish","type":"product","link":"https:\/\/panjo.pl\/de\/product\/naturalna-gabka-typu-twarda-glowa\/","title":{"rendered":"Naturschwamm vom Typ HARDHEAD"},"content":{"rendered":"","protected":false},"excerpt":{"rendered":"<p><strong>Ein Schwamm kann mehrere Jahre lang halten!<\/strong><\/p>\n<p>Ideal f\u00fcr die t\u00e4gliche K\u00f6rperpflege in der Badewanne oder unter der Dusche.<\/p>\n<p>Der h\u00e4rteste und kompakteste unserer Schw\u00e4mme, der sich f\u00fcr sanfte K\u00f6rperpeelings und K\u00f6rpermassagen eignet. Verbessert die Blutzirkulation und die Elastizit\u00e4t der Haut.<\/p>\n<p>Jeder Schwamm ist ein individuelles, einzigartiges St\u00fcck. Der erworbene Schwamm kann sich in der Form von dem abgebildeten unterscheiden.<\/p>\n<p>Wir packen den Schwamm sch\u00f6n ein, <strong>Leinenbeutel<\/strong> - Sie k\u00f6nnen es bei sich tragen oder einem lieben Menschen schenken.<\/p>\n<h6><a href=\"https:\/\/panjo.pl\/wp-content\/uploads\/2025\/02\/Intensywne-Nawilzenie-i-Odzywienie-1080-x-1080-px.png\"><img loading=\"lazy\" decoding=\"async\" class=\"alignnone wp-image-8837\" src=\"https:\/\/panjo.pl\/wp-content\/uploads\/2025\/02\/Intensywne-Nawilzenie-i-Odzywienie-1080-x-1080-px-300x300.png\" alt=\"\" width=\"196\" height=\"196\" srcset=\"https:\/\/panjo.pl\/wp-content\/uploads\/2025\/02\/Intensywne-Nawilzenie-i-Odzywienie-1080-x-1080-px-300x300.png 300w, https:\/\/panjo.pl\/wp-content\/uploads\/2025\/02\/Intensywne-Nawilzenie-i-Odzywienie-1080-x-1080-px-1024x1024.png 1024w, https:\/\/panjo.pl\/wp-content\/uploads\/2025\/02\/Intensywne-Nawilzenie-i-Odzywienie-1080-x-1080-px-150x150.png 150w, https:\/\/panjo.pl\/wp-content\/uploads\/2025\/02\/Intensywne-Nawilzenie-i-Odzywienie-1080-x-1080-px-768x768.png 768w, https:\/\/panjo.pl\/wp-content\/uploads\/2025\/02\/Intensywne-Nawilzenie-i-Odzywienie-1080-x-1080-px-12x12.png 12w, https:\/\/panjo.pl\/wp-content\/uploads\/2025\/02\/Intensywne-Nawilzenie-i-Odzywienie-1080-x-1080-px-600x600.png 600w, https:\/\/panjo.pl\/wp-content\/uploads\/2025\/02\/Intensywne-Nawilzenie-i-Odzywienie-1080-x-1080-px-100x100.png 100w, https:\/\/panjo.pl\/wp-content\/uploads\/2025\/02\/Intensywne-Nawilzenie-i-Odzywienie-1080-x-1080-px.png 1080w\" sizes=\"auto, (max-width: 196px) 100vw, 196px\" \/><\/a><\/h6>","protected":false},"featured_media":2174,"comment_status":"open","ping_status":"closed","template":"","meta":{"_acf_changed":false,"inline_featured_image":false},"product_cat":[28],"product_tag":[],"class_list":["post-1604","product","type-product","status-publish","has-post-thumbnail","hentry","product_cat-akcesoria"],"acf":[],"_links":{"self":[{"href":"https:\/\/panjo.pl\/de\/wp-json\/wp\/v2\/product\/1604","targetHints":{"allow":["GET"]}}],"collection":[{"href":"https:\/\/panjo.pl\/de\/wp-json\/wp\/v2\/product"}],"about":[{"href":"https:\/\/panjo.pl\/de\/wp-json\/wp\/v2\/types\/product"}],"replies":[{"embeddable":true,"href":"https:\/\/panjo.pl\/de\/wp-json\/wp\/v2\/comments?post=1604"}],"wp:featuredmedia":[{"embeddable":true,"href":"https:\/\/panjo.pl\/de\/wp-json\/wp\/v2\/media\/2174"}],"wp:attachment":[{"href":"https:\/\/panjo.pl\/de\/wp-json\/wp\/v2\/media?parent=1604"}],"wp:term":[{"taxonomy":"product_cat","embeddable":true,"href":"https:\/\/panjo.pl\/de\/wp-json\/wp\/v2\/product_cat?post=1604"},{"taxonomy":"product_tag","embeddable":true,"href":"https:\/\/panjo.pl\/de\/wp-json\/wp\/v2\/product_tag?post=1604"}],"curies":[{"name":"wp","href":"https:\/\/api.w.org\/{rel}","templated":true}]}}