{"id":2254,"date":"2023-11-12T08:00:52","date_gmt":"2023-11-12T06:00:52","guid":{"rendered":"https:\/\/panjo.pl\/?post_type=product&#038;p=2254"},"modified":"2026-03-06T15:47:45","modified_gmt":"2026-03-06T13:47:45","slug":"olejek-nawilzajacy-do-ciala","status":"publish","type":"product","link":"https:\/\/panjo.pl\/de\/product\/olejek-nawilzajacy-do-ciala\/","title":{"rendered":"Feuchthalte\u00f6l f\u00fcr den K\u00f6rper"},"content":{"rendered":"","protected":false},"excerpt":{"rendered":"<p><strong>Ein Duft, der zum Bestseller wurde - CITRONO.<\/strong><\/p>\n<p style=\"font-weight: 400;\">Ein sehr leichtes All-Over-K\u00f6rper\u00f6l, das sich durch einfache Anwendung, sofortiges Einziehen und einen lang anhaltenden, erfrischenden Duft auszeichnet!<\/p>\n<p style=\"font-weight: 400;\">Citrono macht die Massage sehr angenehm, verbessert die Stimmung, entspannt und stimuliert die Sinne.<\/p>\n<p>Das \u00d6l wird perfekt funktionieren:<\/p>\n<p>\u2b50\ufe0f F\u00fcrsorge<\/p>\n<p>\u2b50\ufe0f F\u00fcr Massage<\/p>\n<p>\u2b50\ufe0f Dusche<\/p>\n<p><a href=\"https:\/\/panjo.pl\/wp-content\/uploads\/2024\/10\/5.png\"><img loading=\"lazy\" decoding=\"async\" class=\"alignnone wp-image-2570\" src=\"https:\/\/panjo.pl\/wp-content\/uploads\/2024\/10\/5-300x300.png\" alt=\"\" width=\"107\" height=\"107\" srcset=\"https:\/\/panjo.pl\/wp-content\/uploads\/2024\/10\/5-300x300.png 300w, https:\/\/panjo.pl\/wp-content\/uploads\/2024\/10\/5-1024x1024.png 1024w, https:\/\/panjo.pl\/wp-content\/uploads\/2024\/10\/5-150x150.png 150w, https:\/\/panjo.pl\/wp-content\/uploads\/2024\/10\/5-768x768.png 768w, https:\/\/panjo.pl\/wp-content\/uploads\/2024\/10\/5-12x12.png 12w, https:\/\/panjo.pl\/wp-content\/uploads\/2024\/10\/5-600x600.png 600w, https:\/\/panjo.pl\/wp-content\/uploads\/2024\/10\/5-100x100.png 100w, https:\/\/panjo.pl\/wp-content\/uploads\/2024\/10\/5.png 1080w\" sizes=\"auto, (max-width: 107px) 100vw, 107px\" \/><\/a> \u00a0<a href=\"https:\/\/panjo.pl\/wp-content\/uploads\/2024\/10\/4-1.png\"><img loading=\"lazy\" decoding=\"async\" class=\"alignnone wp-image-2569\" src=\"https:\/\/panjo.pl\/wp-content\/uploads\/2024\/10\/4-1-300x300.png\" alt=\"\" width=\"106\" height=\"106\" srcset=\"https:\/\/panjo.pl\/wp-content\/uploads\/2024\/10\/4-1-300x300.png 300w, https:\/\/panjo.pl\/wp-content\/uploads\/2024\/10\/4-1-1024x1024.png 1024w, https:\/\/panjo.pl\/wp-content\/uploads\/2024\/10\/4-1-150x150.png 150w, https:\/\/panjo.pl\/wp-content\/uploads\/2024\/10\/4-1-768x768.png 768w, https:\/\/panjo.pl\/wp-content\/uploads\/2024\/10\/4-1-12x12.png 12w, https:\/\/panjo.pl\/wp-content\/uploads\/2024\/10\/4-1-600x600.png 600w, https:\/\/panjo.pl\/wp-content\/uploads\/2024\/10\/4-1-100x100.png 100w, https:\/\/panjo.pl\/wp-content\/uploads\/2024\/10\/4-1.png 1080w\" sizes=\"auto, (max-width: 106px) 100vw, 106px\" \/><\/a>\u00a0 <a href=\"https:\/\/panjo.pl\/wp-content\/uploads\/2024\/10\/3-1.png\"><img loading=\"lazy\" decoding=\"async\" class=\"alignnone wp-image-2567\" src=\"https:\/\/panjo.pl\/wp-content\/uploads\/2024\/10\/3-1-300x300.png\" alt=\"\" width=\"106\" height=\"106\" srcset=\"https:\/\/panjo.pl\/wp-content\/uploads\/2024\/10\/3-1-300x300.png 300w, https:\/\/panjo.pl\/wp-content\/uploads\/2024\/10\/3-1-1024x1024.png 1024w, https:\/\/panjo.pl\/wp-content\/uploads\/2024\/10\/3-1-150x150.png 150w, https:\/\/panjo.pl\/wp-content\/uploads\/2024\/10\/3-1-768x768.png 768w, https:\/\/panjo.pl\/wp-content\/uploads\/2024\/10\/3-1-12x12.png 12w, https:\/\/panjo.pl\/wp-content\/uploads\/2024\/10\/3-1-600x600.png 600w, https:\/\/panjo.pl\/wp-content\/uploads\/2024\/10\/3-1-100x100.png 100w, https:\/\/panjo.pl\/wp-content\/uploads\/2024\/10\/3-1.png 1080w\" sizes=\"auto, (max-width: 106px) 100vw, 106px\" \/><\/a><\/p>","protected":false},"featured_media":2260,"comment_status":"open","ping_status":"closed","template":"","meta":{"_acf_changed":false,"inline_featured_image":false},"product_cat":[21,23,90,24],"product_tag":[],"class_list":["post-2254","product","type-product","status-publish","has-post-thumbnail","hentry","product_cat-ciaza","product_cat-mama","product_cat-nowosc","product_cat-pielegnacja-ciala"],"acf":[],"_links":{"self":[{"href":"https:\/\/panjo.pl\/de\/wp-json\/wp\/v2\/product\/2254","targetHints":{"allow":["GET"]}}],"collection":[{"href":"https:\/\/panjo.pl\/de\/wp-json\/wp\/v2\/product"}],"about":[{"href":"https:\/\/panjo.pl\/de\/wp-json\/wp\/v2\/types\/product"}],"replies":[{"embeddable":true,"href":"https:\/\/panjo.pl\/de\/wp-json\/wp\/v2\/comments?post=2254"}],"wp:featuredmedia":[{"embeddable":true,"href":"https:\/\/panjo.pl\/de\/wp-json\/wp\/v2\/media\/2260"}],"wp:attachment":[{"href":"https:\/\/panjo.pl\/de\/wp-json\/wp\/v2\/media?parent=2254"}],"wp:term":[{"taxonomy":"product_cat","embeddable":true,"href":"https:\/\/panjo.pl\/de\/wp-json\/wp\/v2\/product_cat?post=2254"},{"taxonomy":"product_tag","embeddable":true,"href":"https:\/\/panjo.pl\/de\/wp-json\/wp\/v2\/product_tag?post=2254"}],"curies":[{"name":"wp","href":"https:\/\/api.w.org\/{rel}","templated":true}]}}