{"id":273,"date":"2023-01-25T17:34:35","date_gmt":"2023-01-25T15:34:35","guid":{"rendered":"https:\/\/panjo.pl\/?post_type=product&#038;p=273"},"modified":"2026-01-08T16:21:47","modified_gmt":"2026-01-08T14:21:47","slug":"broso-devibu","status":"publish","type":"product","link":"https:\/\/panjo.pl\/de\/product\/broso-devibu\/","title":{"rendered":"B\u00fcrste f\u00fcr Busen, Dekollet\u00e9, Hals und Gesicht"},"content":{"rendered":"","protected":false},"excerpt":{"rendered":"<p><strong>W\u00fcrden Sie 10 Minuten innehalten, um auf Ihre Gesundheit zu achten?<\/strong><\/p>\n<p>Gerade genug f\u00fcr eine gr\u00fcndliche Massage von Br\u00fcsten, Gesicht und Dekollet\u00e9.<\/p>\n<p>K\u00fcmmern Sie sich um sich selbst und greifen Sie f\u00fcr 10 Minuten zu einer B\u00fcrste. Bei der Massage der Br\u00fcste geht es nicht nur darum, die Festigkeit unserer Haut zu verbessern, sondern auch um Selbstpflege.<\/p>\n<p>&nbsp;<\/p>\n<p><b>Material<\/b>Buche: Buchenholz<\/p>\n<p><b>Borsten<\/b>: Ko\u0144skie<\/p>\n<p><b>Anmeldung<\/b>Brust-, Dekollet\u00e9-, Hals- und Gesichtsmassage<\/p>\n<p><b>Produkt<\/b>: \u00d6kologisch und biologisch abbaubar<\/p>","protected":false},"featured_media":1426,"comment_status":"open","ping_status":"closed","template":"","meta":{"_acf_changed":false,"inline_featured_image":false},"product_cat":[28,23],"product_tag":[],"class_list":["post-273","product","type-product","status-publish","has-post-thumbnail","hentry","product_cat-akcesoria","product_cat-mama"],"acf":[],"_links":{"self":[{"href":"https:\/\/panjo.pl\/de\/wp-json\/wp\/v2\/product\/273","targetHints":{"allow":["GET"]}}],"collection":[{"href":"https:\/\/panjo.pl\/de\/wp-json\/wp\/v2\/product"}],"about":[{"href":"https:\/\/panjo.pl\/de\/wp-json\/wp\/v2\/types\/product"}],"replies":[{"embeddable":true,"href":"https:\/\/panjo.pl\/de\/wp-json\/wp\/v2\/comments?post=273"}],"wp:featuredmedia":[{"embeddable":true,"href":"https:\/\/panjo.pl\/de\/wp-json\/wp\/v2\/media\/1426"}],"wp:attachment":[{"href":"https:\/\/panjo.pl\/de\/wp-json\/wp\/v2\/media?parent=273"}],"wp:term":[{"taxonomy":"product_cat","embeddable":true,"href":"https:\/\/panjo.pl\/de\/wp-json\/wp\/v2\/product_cat?post=273"},{"taxonomy":"product_tag","embeddable":true,"href":"https:\/\/panjo.pl\/de\/wp-json\/wp\/v2\/product_tag?post=273"}],"curies":[{"name":"wp","href":"https:\/\/api.w.org\/{rel}","templated":true}]}}