{"id":388,"date":"2024-02-20T12:14:43","date_gmt":"2024-02-20T10:14:43","guid":{"rendered":"https:\/\/panjo.pl\/?post_type=product&#038;p=388"},"modified":"2025-07-22T17:33:03","modified_gmt":"2025-07-22T15:33:03","slug":"sapujo-blanka","status":"publish","type":"product","link":"https:\/\/panjo.pl\/de\/product\/sapujo-blanka\/","title":{"rendered":"Seifenschale aus wei\u00dfer Keramik"},"content":{"rendered":"","protected":false},"excerpt":{"rendered":"<p><strong>Einfachheit, Minimalismus und Eleganz.<\/strong><\/p>\n<p>Diese drei Worte definieren unsere Seifenkisten perfekt.<\/p>\n<p>Jede Seifenschale wird von Hand in einer Werkstatt in der N\u00e4he von Pozna\u0144 hergestellt, was sie zu etwas Besonderem und Einzigartigem macht. Der Entstehungsprozess, das Gie\u00dfen, Glasieren und Brennen im Keramikofen erfolgt von Hand nach traditionellen Methoden.<\/p>\n<p><a href=\"https:\/\/panjo.pl\/wp-content\/uploads\/2024\/10\/Intensywne-Nawilzenie-i-Odzywienie-2-1.png\"><img loading=\"lazy\" decoding=\"async\" class=\"alignnone wp-image-2655\" src=\"https:\/\/panjo.pl\/wp-content\/uploads\/2024\/10\/Intensywne-Nawilzenie-i-Odzywienie-2-1-300x300.png\" alt=\"\" width=\"107\" height=\"107\" srcset=\"https:\/\/panjo.pl\/wp-content\/uploads\/2024\/10\/Intensywne-Nawilzenie-i-Odzywienie-2-1-300x300.png 300w, https:\/\/panjo.pl\/wp-content\/uploads\/2024\/10\/Intensywne-Nawilzenie-i-Odzywienie-2-1-1024x1024.png 1024w, https:\/\/panjo.pl\/wp-content\/uploads\/2024\/10\/Intensywne-Nawilzenie-i-Odzywienie-2-1-150x150.png 150w, https:\/\/panjo.pl\/wp-content\/uploads\/2024\/10\/Intensywne-Nawilzenie-i-Odzywienie-2-1-768x768.png 768w, https:\/\/panjo.pl\/wp-content\/uploads\/2024\/10\/Intensywne-Nawilzenie-i-Odzywienie-2-1-12x12.png 12w, https:\/\/panjo.pl\/wp-content\/uploads\/2024\/10\/Intensywne-Nawilzenie-i-Odzywienie-2-1-600x600.png 600w, https:\/\/panjo.pl\/wp-content\/uploads\/2024\/10\/Intensywne-Nawilzenie-i-Odzywienie-2-1-100x100.png 100w, https:\/\/panjo.pl\/wp-content\/uploads\/2024\/10\/Intensywne-Nawilzenie-i-Odzywienie-2-1.png 1080w\" sizes=\"auto, (max-width: 107px) 100vw, 107px\" \/><\/a><\/p>\n<h6><a href=\"https:\/\/panjo.pl\/wp-content\/uploads\/2025\/02\/Intensywne-Nawilzenie-i-Odzywienie-1080-x-1080-px.png\"><img loading=\"lazy\" decoding=\"async\" class=\"alignnone wp-image-8837\" src=\"https:\/\/panjo.pl\/wp-content\/uploads\/2025\/02\/Intensywne-Nawilzenie-i-Odzywienie-1080-x-1080-px-300x300.png\" alt=\"\" width=\"196\" height=\"196\" srcset=\"https:\/\/panjo.pl\/wp-content\/uploads\/2025\/02\/Intensywne-Nawilzenie-i-Odzywienie-1080-x-1080-px-300x300.png 300w, https:\/\/panjo.pl\/wp-content\/uploads\/2025\/02\/Intensywne-Nawilzenie-i-Odzywienie-1080-x-1080-px-1024x1024.png 1024w, https:\/\/panjo.pl\/wp-content\/uploads\/2025\/02\/Intensywne-Nawilzenie-i-Odzywienie-1080-x-1080-px-150x150.png 150w, https:\/\/panjo.pl\/wp-content\/uploads\/2025\/02\/Intensywne-Nawilzenie-i-Odzywienie-1080-x-1080-px-768x768.png 768w, https:\/\/panjo.pl\/wp-content\/uploads\/2025\/02\/Intensywne-Nawilzenie-i-Odzywienie-1080-x-1080-px-12x12.png 12w, https:\/\/panjo.pl\/wp-content\/uploads\/2025\/02\/Intensywne-Nawilzenie-i-Odzywienie-1080-x-1080-px-600x600.png 600w, https:\/\/panjo.pl\/wp-content\/uploads\/2025\/02\/Intensywne-Nawilzenie-i-Odzywienie-1080-x-1080-px-100x100.png 100w, https:\/\/panjo.pl\/wp-content\/uploads\/2025\/02\/Intensywne-Nawilzenie-i-Odzywienie-1080-x-1080-px.png 1080w\" sizes=\"auto, (max-width: 196px) 100vw, 196px\" \/><\/a><\/h6>\n<h6><\/h6>","protected":false},"featured_media":1425,"comment_status":"open","ping_status":"closed","template":"","meta":{"_acf_changed":false,"inline_featured_image":false},"product_cat":[28],"product_tag":[],"class_list":["post-388","product","type-product","status-publish","has-post-thumbnail","hentry","product_cat-akcesoria"],"acf":[],"_links":{"self":[{"href":"https:\/\/panjo.pl\/de\/wp-json\/wp\/v2\/product\/388","targetHints":{"allow":["GET"]}}],"collection":[{"href":"https:\/\/panjo.pl\/de\/wp-json\/wp\/v2\/product"}],"about":[{"href":"https:\/\/panjo.pl\/de\/wp-json\/wp\/v2\/types\/product"}],"replies":[{"embeddable":true,"href":"https:\/\/panjo.pl\/de\/wp-json\/wp\/v2\/comments?post=388"}],"wp:featuredmedia":[{"embeddable":true,"href":"https:\/\/panjo.pl\/de\/wp-json\/wp\/v2\/media\/1425"}],"wp:attachment":[{"href":"https:\/\/panjo.pl\/de\/wp-json\/wp\/v2\/media?parent=388"}],"wp:term":[{"taxonomy":"product_cat","embeddable":true,"href":"https:\/\/panjo.pl\/de\/wp-json\/wp\/v2\/product_cat?post=388"},{"taxonomy":"product_tag","embeddable":true,"href":"https:\/\/panjo.pl\/de\/wp-json\/wp\/v2\/product_tag?post=388"}],"curies":[{"name":"wp","href":"https:\/\/api.w.org\/{rel}","templated":true}]}}