{"id":395,"date":"2022-07-15T13:03:46","date_gmt":"2022-07-15T11:03:46","guid":{"rendered":"https:\/\/panjo.pl\/?post_type=product&#038;p=395"},"modified":"2026-03-25T13:14:38","modified_gmt":"2026-03-25T11:14:38","slug":"lasalo","status":"publish","type":"product","link":"https:\/\/panjo.pl\/de\/product\/lasalo\/","title":{"rendered":"Lavendel-Badesalz"},"content":{"rendered":"","protected":false},"excerpt":{"rendered":"<p><strong>Lasalo - Ihre Quelle der Entspannung und des Genusses.<\/strong><\/p>\n<p>Salz aus dem Toten Meer bildet die Grundlage dieses Produkts und ist reich an einer Reihe von Spurenelementen wie Eisen, Mangan, Magnesium, Kalium, Natrium, Chrom, Zink und anderen. Das erg\u00e4nzend enthaltene S\u00fc\u00dfmandel\u00f6l hat zudem eine ausgezeichnete feuchtigkeitsspendende Wirkung, die die entspannende Wirkung des Salzes noch verst\u00e4rkt. Andererseits spielt das im Salz enthaltene Lavendel\u00f6l eine \u00e4u\u00dferst wichtige Rolle - es schafft nicht nur eine Atmosph\u00e4re der Ruhe und Entspannung, sondern n\u00e4hrt, regeneriert und gl\u00e4ttet die Haut.<\/p>\n<p><a href=\"https:\/\/panjo.pl\/wp-content\/uploads\/2024\/10\/5.png\"><img loading=\"lazy\" decoding=\"async\" class=\"alignnone wp-image-2570\" src=\"https:\/\/panjo.pl\/wp-content\/uploads\/2024\/10\/5-300x300.png\" alt=\"\" width=\"107\" height=\"107\" srcset=\"https:\/\/panjo.pl\/wp-content\/uploads\/2024\/10\/5-300x300.png 300w, https:\/\/panjo.pl\/wp-content\/uploads\/2024\/10\/5-1024x1024.png 1024w, https:\/\/panjo.pl\/wp-content\/uploads\/2024\/10\/5-150x150.png 150w, https:\/\/panjo.pl\/wp-content\/uploads\/2024\/10\/5-768x768.png 768w, https:\/\/panjo.pl\/wp-content\/uploads\/2024\/10\/5-12x12.png 12w, https:\/\/panjo.pl\/wp-content\/uploads\/2024\/10\/5-600x600.png 600w, https:\/\/panjo.pl\/wp-content\/uploads\/2024\/10\/5-100x100.png 100w, https:\/\/panjo.pl\/wp-content\/uploads\/2024\/10\/5.png 1080w\" sizes=\"auto, (max-width: 107px) 100vw, 107px\" \/><\/a> \u00a0<a href=\"https:\/\/panjo.pl\/wp-content\/uploads\/2024\/10\/4-1.png\"><img loading=\"lazy\" decoding=\"async\" class=\"alignnone wp-image-2569\" src=\"https:\/\/panjo.pl\/wp-content\/uploads\/2024\/10\/4-1-300x300.png\" alt=\"\" width=\"106\" height=\"106\" srcset=\"https:\/\/panjo.pl\/wp-content\/uploads\/2024\/10\/4-1-300x300.png 300w, https:\/\/panjo.pl\/wp-content\/uploads\/2024\/10\/4-1-1024x1024.png 1024w, https:\/\/panjo.pl\/wp-content\/uploads\/2024\/10\/4-1-150x150.png 150w, https:\/\/panjo.pl\/wp-content\/uploads\/2024\/10\/4-1-768x768.png 768w, https:\/\/panjo.pl\/wp-content\/uploads\/2024\/10\/4-1-12x12.png 12w, https:\/\/panjo.pl\/wp-content\/uploads\/2024\/10\/4-1-600x600.png 600w, https:\/\/panjo.pl\/wp-content\/uploads\/2024\/10\/4-1-100x100.png 100w, https:\/\/panjo.pl\/wp-content\/uploads\/2024\/10\/4-1.png 1080w\" sizes=\"auto, (max-width: 106px) 100vw, 106px\" \/><\/a>\u00a0 <a href=\"https:\/\/panjo.pl\/wp-content\/uploads\/2024\/10\/3-1.png\"><img loading=\"lazy\" decoding=\"async\" class=\"alignnone wp-image-2567\" src=\"https:\/\/panjo.pl\/wp-content\/uploads\/2024\/10\/3-1-300x300.png\" alt=\"\" width=\"106\" height=\"106\" srcset=\"https:\/\/panjo.pl\/wp-content\/uploads\/2024\/10\/3-1-300x300.png 300w, https:\/\/panjo.pl\/wp-content\/uploads\/2024\/10\/3-1-1024x1024.png 1024w, https:\/\/panjo.pl\/wp-content\/uploads\/2024\/10\/3-1-150x150.png 150w, https:\/\/panjo.pl\/wp-content\/uploads\/2024\/10\/3-1-768x768.png 768w, https:\/\/panjo.pl\/wp-content\/uploads\/2024\/10\/3-1-12x12.png 12w, https:\/\/panjo.pl\/wp-content\/uploads\/2024\/10\/3-1-600x600.png 600w, https:\/\/panjo.pl\/wp-content\/uploads\/2024\/10\/3-1-100x100.png 100w, https:\/\/panjo.pl\/wp-content\/uploads\/2024\/10\/3-1.png 1080w\" sizes=\"auto, (max-width: 106px) 100vw, 106px\" \/><\/a><\/p>","protected":false},"featured_media":1460,"comment_status":"open","ping_status":"closed","template":"","meta":{"_acf_changed":false,"inline_featured_image":false},"product_cat":[23,24],"product_tag":[],"class_list":["post-395","product","type-product","status-publish","has-post-thumbnail","hentry","product_cat-mama","product_cat-pielegnacja-ciala"],"acf":[],"_links":{"self":[{"href":"https:\/\/panjo.pl\/de\/wp-json\/wp\/v2\/product\/395","targetHints":{"allow":["GET"]}}],"collection":[{"href":"https:\/\/panjo.pl\/de\/wp-json\/wp\/v2\/product"}],"about":[{"href":"https:\/\/panjo.pl\/de\/wp-json\/wp\/v2\/types\/product"}],"replies":[{"embeddable":true,"href":"https:\/\/panjo.pl\/de\/wp-json\/wp\/v2\/comments?post=395"}],"wp:featuredmedia":[{"embeddable":true,"href":"https:\/\/panjo.pl\/de\/wp-json\/wp\/v2\/media\/1460"}],"wp:attachment":[{"href":"https:\/\/panjo.pl\/de\/wp-json\/wp\/v2\/media?parent=395"}],"wp:term":[{"taxonomy":"product_cat","embeddable":true,"href":"https:\/\/panjo.pl\/de\/wp-json\/wp\/v2\/product_cat?post=395"},{"taxonomy":"product_tag","embeddable":true,"href":"https:\/\/panjo.pl\/de\/wp-json\/wp\/v2\/product_tag?post=395"}],"curies":[{"name":"wp","href":"https:\/\/api.w.org\/{rel}","templated":true}]}}