{"id":401,"date":"2022-07-15T14:02:06","date_gmt":"2022-07-15T12:02:06","guid":{"rendered":"https:\/\/panjo.pl\/?post_type=product&#038;p=401"},"modified":"2026-01-27T11:00:47","modified_gmt":"2026-01-27T09:00:47","slug":"milasa","status":"publish","type":"product","link":"https:\/\/panjo.pl\/de\/product\/milasa\/","title":{"rendered":"Honig-Milch-Seife"},"content":{"rendered":"","protected":false},"excerpt":{"rendered":"<p><strong>Eine Seife mit einem zarten, angenehmen Duft nach Milch und Honig und einem einzigartigen Design.<\/strong><\/p>\n<p>Die Kombination dieser wertvollen und n\u00e4hrenden Inhaltsstoffe: Oliven\u00f6l, Bienenwachs und Ziegenmilch, macht diese Seife ideal f\u00fcr trockene, raue Haut und Kinder ab 3 Jahren. Sie hinterl\u00e4sst die Haut sehr gut gefettet und befeuchtet und l\u00e4sst die Epidermis nicht an Wasser verlieren.<\/p>\n<p>Ein bei Kindern beliebter W\u00fcrfel. <a href=\"https:\/\/panjo.pl\/wp-content\/uploads\/2022\/07\/Zrzut-ekranu-2025-02-5-o-14.35.06.png\"><img loading=\"lazy\" decoding=\"async\" class=\"alignnone wp-image-8827\" src=\"https:\/\/panjo.pl\/wp-content\/uploads\/2022\/07\/Zrzut-ekranu-2025-02-5-o-14.35.06-300x300.png\" alt=\"\" width=\"18\" height=\"18\" srcset=\"https:\/\/panjo.pl\/wp-content\/uploads\/2022\/07\/Zrzut-ekranu-2025-02-5-o-14.35.06-300x300.png 300w, https:\/\/panjo.pl\/wp-content\/uploads\/2022\/07\/Zrzut-ekranu-2025-02-5-o-14.35.06-150x150.png 150w, https:\/\/panjo.pl\/wp-content\/uploads\/2022\/07\/Zrzut-ekranu-2025-02-5-o-14.35.06-768x771.png 768w, https:\/\/panjo.pl\/wp-content\/uploads\/2022\/07\/Zrzut-ekranu-2025-02-5-o-14.35.06-12x12.png 12w, https:\/\/panjo.pl\/wp-content\/uploads\/2022\/07\/Zrzut-ekranu-2025-02-5-o-14.35.06-600x602.png 600w, https:\/\/panjo.pl\/wp-content\/uploads\/2022\/07\/Zrzut-ekranu-2025-02-5-o-14.35.06-100x100.png 100w, https:\/\/panjo.pl\/wp-content\/uploads\/2022\/07\/Zrzut-ekranu-2025-02-5-o-14.35.06.png 976w\" sizes=\"auto, (max-width: 18px) 100vw, 18px\" \/><\/a><\/p>\n<p><a href=\"https:\/\/panjo.pl\/wp-content\/uploads\/2024\/10\/5.png\">\u00a0<img loading=\"lazy\" decoding=\"async\" class=\"alignnone wp-image-2570\" src=\"https:\/\/panjo.pl\/wp-content\/uploads\/2024\/10\/5-300x300.png\" alt=\"\" width=\"107\" height=\"107\" srcset=\"https:\/\/panjo.pl\/wp-content\/uploads\/2024\/10\/5-300x300.png 300w, https:\/\/panjo.pl\/wp-content\/uploads\/2024\/10\/5-1024x1024.png 1024w, https:\/\/panjo.pl\/wp-content\/uploads\/2024\/10\/5-150x150.png 150w, https:\/\/panjo.pl\/wp-content\/uploads\/2024\/10\/5-768x768.png 768w, https:\/\/panjo.pl\/wp-content\/uploads\/2024\/10\/5-12x12.png 12w, https:\/\/panjo.pl\/wp-content\/uploads\/2024\/10\/5-600x600.png 600w, https:\/\/panjo.pl\/wp-content\/uploads\/2024\/10\/5-100x100.png 100w, https:\/\/panjo.pl\/wp-content\/uploads\/2024\/10\/5.png 1080w\" sizes=\"auto, (max-width: 107px) 100vw, 107px\" \/>\u00a0<\/a> <a href=\"https:\/\/panjo.pl\/wp-content\/uploads\/2022\/07\/Intensywne-Nawilzenie-i-Odzywienie-3.png\"><img loading=\"lazy\" decoding=\"async\" class=\"alignnone wp-image-2741\" src=\"https:\/\/panjo.pl\/wp-content\/uploads\/2022\/07\/Intensywne-Nawilzenie-i-Odzywienie-3-300x300.png\" alt=\"\" width=\"107\" height=\"107\" srcset=\"https:\/\/panjo.pl\/wp-content\/uploads\/2022\/07\/Intensywne-Nawilzenie-i-Odzywienie-3-300x300.png 300w, https:\/\/panjo.pl\/wp-content\/uploads\/2022\/07\/Intensywne-Nawilzenie-i-Odzywienie-3-1024x1024.png 1024w, https:\/\/panjo.pl\/wp-content\/uploads\/2022\/07\/Intensywne-Nawilzenie-i-Odzywienie-3-150x150.png 150w, https:\/\/panjo.pl\/wp-content\/uploads\/2022\/07\/Intensywne-Nawilzenie-i-Odzywienie-3-768x768.png 768w, https:\/\/panjo.pl\/wp-content\/uploads\/2022\/07\/Intensywne-Nawilzenie-i-Odzywienie-3-12x12.png 12w, https:\/\/panjo.pl\/wp-content\/uploads\/2022\/07\/Intensywne-Nawilzenie-i-Odzywienie-3-600x600.png 600w, https:\/\/panjo.pl\/wp-content\/uploads\/2022\/07\/Intensywne-Nawilzenie-i-Odzywienie-3-100x100.png 100w, https:\/\/panjo.pl\/wp-content\/uploads\/2022\/07\/Intensywne-Nawilzenie-i-Odzywienie-3.png 1080w\" sizes=\"auto, (max-width: 107px) 100vw, 107px\" \/><\/a>\u00a0 <a href=\"https:\/\/panjo.pl\/wp-content\/uploads\/2024\/10\/3-1.png\"><img loading=\"lazy\" decoding=\"async\" class=\"alignnone wp-image-2567\" src=\"https:\/\/panjo.pl\/wp-content\/uploads\/2024\/10\/3-1-300x300.png\" alt=\"\" width=\"106\" height=\"106\" srcset=\"https:\/\/panjo.pl\/wp-content\/uploads\/2024\/10\/3-1-300x300.png 300w, https:\/\/panjo.pl\/wp-content\/uploads\/2024\/10\/3-1-1024x1024.png 1024w, https:\/\/panjo.pl\/wp-content\/uploads\/2024\/10\/3-1-150x150.png 150w, https:\/\/panjo.pl\/wp-content\/uploads\/2024\/10\/3-1-768x768.png 768w, https:\/\/panjo.pl\/wp-content\/uploads\/2024\/10\/3-1-12x12.png 12w, https:\/\/panjo.pl\/wp-content\/uploads\/2024\/10\/3-1-600x600.png 600w, https:\/\/panjo.pl\/wp-content\/uploads\/2024\/10\/3-1-100x100.png 100w, https:\/\/panjo.pl\/wp-content\/uploads\/2024\/10\/3-1.png 1080w\" sizes=\"auto, (max-width: 106px) 100vw, 106px\" \/><\/a> \u00a0<a href=\"https:\/\/panjo.pl\/wp-content\/uploads\/2024\/10\/Intensywne-Nawilzenie-i-Odzywienie-2-1.png\"><img loading=\"lazy\" decoding=\"async\" class=\"alignnone wp-image-2655\" src=\"https:\/\/panjo.pl\/wp-content\/uploads\/2024\/10\/Intensywne-Nawilzenie-i-Odzywienie-2-1-300x300.png\" alt=\"\" width=\"107\" height=\"107\" srcset=\"https:\/\/panjo.pl\/wp-content\/uploads\/2024\/10\/Intensywne-Nawilzenie-i-Odzywienie-2-1-300x300.png 300w, https:\/\/panjo.pl\/wp-content\/uploads\/2024\/10\/Intensywne-Nawilzenie-i-Odzywienie-2-1-1024x1024.png 1024w, https:\/\/panjo.pl\/wp-content\/uploads\/2024\/10\/Intensywne-Nawilzenie-i-Odzywienie-2-1-150x150.png 150w, https:\/\/panjo.pl\/wp-content\/uploads\/2024\/10\/Intensywne-Nawilzenie-i-Odzywienie-2-1-768x768.png 768w, https:\/\/panjo.pl\/wp-content\/uploads\/2024\/10\/Intensywne-Nawilzenie-i-Odzywienie-2-1-12x12.png 12w, https:\/\/panjo.pl\/wp-content\/uploads\/2024\/10\/Intensywne-Nawilzenie-i-Odzywienie-2-1-600x600.png 600w, https:\/\/panjo.pl\/wp-content\/uploads\/2024\/10\/Intensywne-Nawilzenie-i-Odzywienie-2-1-100x100.png 100w, https:\/\/panjo.pl\/wp-content\/uploads\/2024\/10\/Intensywne-Nawilzenie-i-Odzywienie-2-1.png 1080w\" sizes=\"auto, (max-width: 107px) 100vw, 107px\" \/><\/a><\/p>\n<h6><a href=\"https:\/\/panjo.pl\/wp-content\/uploads\/2025\/02\/Intensywne-Nawilzenie-i-Odzywienie-1080-x-1080-px.png\"><img loading=\"lazy\" decoding=\"async\" class=\"alignnone wp-image-8837\" src=\"https:\/\/panjo.pl\/wp-content\/uploads\/2025\/02\/Intensywne-Nawilzenie-i-Odzywienie-1080-x-1080-px-300x300.png\" alt=\"\" width=\"196\" height=\"196\" srcset=\"https:\/\/panjo.pl\/wp-content\/uploads\/2025\/02\/Intensywne-Nawilzenie-i-Odzywienie-1080-x-1080-px-300x300.png 300w, https:\/\/panjo.pl\/wp-content\/uploads\/2025\/02\/Intensywne-Nawilzenie-i-Odzywienie-1080-x-1080-px-1024x1024.png 1024w, https:\/\/panjo.pl\/wp-content\/uploads\/2025\/02\/Intensywne-Nawilzenie-i-Odzywienie-1080-x-1080-px-150x150.png 150w, https:\/\/panjo.pl\/wp-content\/uploads\/2025\/02\/Intensywne-Nawilzenie-i-Odzywienie-1080-x-1080-px-768x768.png 768w, https:\/\/panjo.pl\/wp-content\/uploads\/2025\/02\/Intensywne-Nawilzenie-i-Odzywienie-1080-x-1080-px-12x12.png 12w, https:\/\/panjo.pl\/wp-content\/uploads\/2025\/02\/Intensywne-Nawilzenie-i-Odzywienie-1080-x-1080-px-600x600.png 600w, https:\/\/panjo.pl\/wp-content\/uploads\/2025\/02\/Intensywne-Nawilzenie-i-Odzywienie-1080-x-1080-px-100x100.png 100w, https:\/\/panjo.pl\/wp-content\/uploads\/2025\/02\/Intensywne-Nawilzenie-i-Odzywienie-1080-x-1080-px.png 1080w\" sizes=\"auto, (max-width: 196px) 100vw, 196px\" \/><\/a><\/h6>","protected":false},"featured_media":1412,"comment_status":"open","ping_status":"closed","template":"","meta":{"_acf_changed":false,"inline_featured_image":false},"product_cat":[33,22,26],"product_tag":[],"class_list":["post-401","product","type-product","status-publish","has-post-thumbnail","hentry","product_cat-bestseller","product_cat-dziecko","product_cat-kapiel"],"acf":[],"_links":{"self":[{"href":"https:\/\/panjo.pl\/de\/wp-json\/wp\/v2\/product\/401","targetHints":{"allow":["GET"]}}],"collection":[{"href":"https:\/\/panjo.pl\/de\/wp-json\/wp\/v2\/product"}],"about":[{"href":"https:\/\/panjo.pl\/de\/wp-json\/wp\/v2\/types\/product"}],"replies":[{"embeddable":true,"href":"https:\/\/panjo.pl\/de\/wp-json\/wp\/v2\/comments?post=401"}],"wp:featuredmedia":[{"embeddable":true,"href":"https:\/\/panjo.pl\/de\/wp-json\/wp\/v2\/media\/1412"}],"wp:attachment":[{"href":"https:\/\/panjo.pl\/de\/wp-json\/wp\/v2\/media?parent=401"}],"wp:term":[{"taxonomy":"product_cat","embeddable":true,"href":"https:\/\/panjo.pl\/de\/wp-json\/wp\/v2\/product_cat?post=401"},{"taxonomy":"product_tag","embeddable":true,"href":"https:\/\/panjo.pl\/de\/wp-json\/wp\/v2\/product_tag?post=401"}],"curies":[{"name":"wp","href":"https:\/\/api.w.org\/{rel}","templated":true}]}}