{"id":402,"date":"2022-07-15T14:03:19","date_gmt":"2022-07-15T12:03:19","guid":{"rendered":"https:\/\/panjo.pl\/?post_type=product&#038;p=402"},"modified":"2026-01-05T21:31:47","modified_gmt":"2026-01-05T19:31:47","slug":"milasa-kopia","status":"publish","type":"product","link":"https:\/\/panjo.pl\/de\/product\/milasa-kopia\/","title":{"rendered":"Kaffee-Peeling"},"content":{"rendered":"","protected":false},"excerpt":{"rendered":"<p><strong>Tote Haut?<\/strong><\/p>\n<p>Von nun an ist es nur noch Geschichte.<\/p>\n<p>Die Kaffeek\u00f6rnchen im Peeling l\u00f6sen sich erstaunlich schnell auf und machen die Haut schon nach kurzer Anwendung glatt.<\/p>\n<p>Der handliche W\u00fcrfel voller nat\u00fcrlicher Inhaltsstoffe enth\u00e4lt auch \u00d6le wie Rizinus- oder Reis\u00f6l und Kakaobutter, die die Haut mit Feuchtigkeit versorgen und n\u00e4hren.<\/p>\n<p><a href=\"https:\/\/panjo.pl\/wp-content\/uploads\/2024\/10\/5.png\">\u00a0<img loading=\"lazy\" decoding=\"async\" class=\"alignnone wp-image-2570\" src=\"https:\/\/panjo.pl\/wp-content\/uploads\/2024\/10\/5-300x300.png\" alt=\"\" width=\"107\" height=\"107\" srcset=\"https:\/\/panjo.pl\/wp-content\/uploads\/2024\/10\/5-300x300.png 300w, https:\/\/panjo.pl\/wp-content\/uploads\/2024\/10\/5-1024x1024.png 1024w, https:\/\/panjo.pl\/wp-content\/uploads\/2024\/10\/5-150x150.png 150w, https:\/\/panjo.pl\/wp-content\/uploads\/2024\/10\/5-768x768.png 768w, https:\/\/panjo.pl\/wp-content\/uploads\/2024\/10\/5-12x12.png 12w, https:\/\/panjo.pl\/wp-content\/uploads\/2024\/10\/5-600x600.png 600w, https:\/\/panjo.pl\/wp-content\/uploads\/2024\/10\/5-100x100.png 100w, https:\/\/panjo.pl\/wp-content\/uploads\/2024\/10\/5.png 1080w\" sizes=\"auto, (max-width: 107px) 100vw, 107px\" \/><\/a> \u00a0<a href=\"https:\/\/panjo.pl\/wp-content\/uploads\/2024\/10\/4-1.png\"><img loading=\"lazy\" decoding=\"async\" class=\"alignnone wp-image-2569\" src=\"https:\/\/panjo.pl\/wp-content\/uploads\/2024\/10\/4-1-300x300.png\" alt=\"\" width=\"106\" height=\"106\" data-wp-editing=\"1\" srcset=\"https:\/\/panjo.pl\/wp-content\/uploads\/2024\/10\/4-1-300x300.png 300w, https:\/\/panjo.pl\/wp-content\/uploads\/2024\/10\/4-1-1024x1024.png 1024w, https:\/\/panjo.pl\/wp-content\/uploads\/2024\/10\/4-1-150x150.png 150w, https:\/\/panjo.pl\/wp-content\/uploads\/2024\/10\/4-1-768x768.png 768w, https:\/\/panjo.pl\/wp-content\/uploads\/2024\/10\/4-1-12x12.png 12w, https:\/\/panjo.pl\/wp-content\/uploads\/2024\/10\/4-1-600x600.png 600w, https:\/\/panjo.pl\/wp-content\/uploads\/2024\/10\/4-1-100x100.png 100w, https:\/\/panjo.pl\/wp-content\/uploads\/2024\/10\/4-1.png 1080w\" sizes=\"auto, (max-width: 106px) 100vw, 106px\" \/><\/a>\u00a0 <a href=\"https:\/\/panjo.pl\/wp-content\/uploads\/2024\/10\/3-1.png\"><img loading=\"lazy\" decoding=\"async\" class=\"alignnone wp-image-2567\" src=\"https:\/\/panjo.pl\/wp-content\/uploads\/2024\/10\/3-1-300x300.png\" alt=\"\" width=\"106\" height=\"106\" srcset=\"https:\/\/panjo.pl\/wp-content\/uploads\/2024\/10\/3-1-300x300.png 300w, https:\/\/panjo.pl\/wp-content\/uploads\/2024\/10\/3-1-1024x1024.png 1024w, https:\/\/panjo.pl\/wp-content\/uploads\/2024\/10\/3-1-150x150.png 150w, https:\/\/panjo.pl\/wp-content\/uploads\/2024\/10\/3-1-768x768.png 768w, https:\/\/panjo.pl\/wp-content\/uploads\/2024\/10\/3-1-12x12.png 12w, https:\/\/panjo.pl\/wp-content\/uploads\/2024\/10\/3-1-600x600.png 600w, https:\/\/panjo.pl\/wp-content\/uploads\/2024\/10\/3-1-100x100.png 100w, https:\/\/panjo.pl\/wp-content\/uploads\/2024\/10\/3-1.png 1080w\" sizes=\"auto, (max-width: 106px) 100vw, 106px\" \/><\/a> \u00a0<a href=\"https:\/\/panjo.pl\/wp-content\/uploads\/2024\/10\/Intensywne-Nawilzenie-i-Odzywienie-2-1.png\"><img loading=\"lazy\" decoding=\"async\" class=\"alignnone wp-image-2655\" src=\"https:\/\/panjo.pl\/wp-content\/uploads\/2024\/10\/Intensywne-Nawilzenie-i-Odzywienie-2-1-300x300.png\" alt=\"\" width=\"107\" height=\"107\" srcset=\"https:\/\/panjo.pl\/wp-content\/uploads\/2024\/10\/Intensywne-Nawilzenie-i-Odzywienie-2-1-300x300.png 300w, https:\/\/panjo.pl\/wp-content\/uploads\/2024\/10\/Intensywne-Nawilzenie-i-Odzywienie-2-1-1024x1024.png 1024w, https:\/\/panjo.pl\/wp-content\/uploads\/2024\/10\/Intensywne-Nawilzenie-i-Odzywienie-2-1-150x150.png 150w, https:\/\/panjo.pl\/wp-content\/uploads\/2024\/10\/Intensywne-Nawilzenie-i-Odzywienie-2-1-768x768.png 768w, https:\/\/panjo.pl\/wp-content\/uploads\/2024\/10\/Intensywne-Nawilzenie-i-Odzywienie-2-1-12x12.png 12w, https:\/\/panjo.pl\/wp-content\/uploads\/2024\/10\/Intensywne-Nawilzenie-i-Odzywienie-2-1-600x600.png 600w, https:\/\/panjo.pl\/wp-content\/uploads\/2024\/10\/Intensywne-Nawilzenie-i-Odzywienie-2-1-100x100.png 100w, https:\/\/panjo.pl\/wp-content\/uploads\/2024\/10\/Intensywne-Nawilzenie-i-Odzywienie-2-1.png 1080w\" sizes=\"auto, (max-width: 107px) 100vw, 107px\" \/><\/a><\/p>\n<h6><a href=\"https:\/\/panjo.pl\/wp-content\/uploads\/2025\/02\/Intensywne-Nawilzenie-i-Odzywienie-1080-x-1080-px.png\"><img loading=\"lazy\" decoding=\"async\" class=\"alignnone wp-image-8837\" src=\"https:\/\/panjo.pl\/wp-content\/uploads\/2025\/02\/Intensywne-Nawilzenie-i-Odzywienie-1080-x-1080-px-300x300.png\" alt=\"\" width=\"196\" height=\"196\" srcset=\"https:\/\/panjo.pl\/wp-content\/uploads\/2025\/02\/Intensywne-Nawilzenie-i-Odzywienie-1080-x-1080-px-300x300.png 300w, https:\/\/panjo.pl\/wp-content\/uploads\/2025\/02\/Intensywne-Nawilzenie-i-Odzywienie-1080-x-1080-px-1024x1024.png 1024w, https:\/\/panjo.pl\/wp-content\/uploads\/2025\/02\/Intensywne-Nawilzenie-i-Odzywienie-1080-x-1080-px-150x150.png 150w, https:\/\/panjo.pl\/wp-content\/uploads\/2025\/02\/Intensywne-Nawilzenie-i-Odzywienie-1080-x-1080-px-768x768.png 768w, https:\/\/panjo.pl\/wp-content\/uploads\/2025\/02\/Intensywne-Nawilzenie-i-Odzywienie-1080-x-1080-px-12x12.png 12w, https:\/\/panjo.pl\/wp-content\/uploads\/2025\/02\/Intensywne-Nawilzenie-i-Odzywienie-1080-x-1080-px-600x600.png 600w, https:\/\/panjo.pl\/wp-content\/uploads\/2025\/02\/Intensywne-Nawilzenie-i-Odzywienie-1080-x-1080-px-100x100.png 100w, https:\/\/panjo.pl\/wp-content\/uploads\/2025\/02\/Intensywne-Nawilzenie-i-Odzywienie-1080-x-1080-px.png 1080w\" sizes=\"auto, (max-width: 196px) 100vw, 196px\" \/><\/a><\/h6>\n<p>&nbsp;<\/p>","protected":false},"featured_media":1417,"comment_status":"open","ping_status":"closed","template":"","meta":{"_acf_changed":false,"inline_featured_image":false},"product_cat":[26],"product_tag":[],"class_list":["post-402","product","type-product","status-publish","has-post-thumbnail","hentry","product_cat-kapiel"],"acf":[],"_links":{"self":[{"href":"https:\/\/panjo.pl\/de\/wp-json\/wp\/v2\/product\/402","targetHints":{"allow":["GET"]}}],"collection":[{"href":"https:\/\/panjo.pl\/de\/wp-json\/wp\/v2\/product"}],"about":[{"href":"https:\/\/panjo.pl\/de\/wp-json\/wp\/v2\/types\/product"}],"replies":[{"embeddable":true,"href":"https:\/\/panjo.pl\/de\/wp-json\/wp\/v2\/comments?post=402"}],"wp:featuredmedia":[{"embeddable":true,"href":"https:\/\/panjo.pl\/de\/wp-json\/wp\/v2\/media\/1417"}],"wp:attachment":[{"href":"https:\/\/panjo.pl\/de\/wp-json\/wp\/v2\/media?parent=402"}],"wp:term":[{"taxonomy":"product_cat","embeddable":true,"href":"https:\/\/panjo.pl\/de\/wp-json\/wp\/v2\/product_cat?post=402"},{"taxonomy":"product_tag","embeddable":true,"href":"https:\/\/panjo.pl\/de\/wp-json\/wp\/v2\/product_tag?post=402"}],"curies":[{"name":"wp","href":"https:\/\/api.w.org\/{rel}","templated":true}]}}