{"id":410,"date":"2022-07-15T14:15:35","date_gmt":"2022-07-15T12:15:35","guid":{"rendered":"https:\/\/panjo.pl\/?post_type=product&#038;p=410"},"modified":"2025-09-21T14:36:58","modified_gmt":"2025-09-21T12:36:58","slug":"barboleo","status":"publish","type":"product","link":"https:\/\/panjo.pl\/de\/product\/barboleo\/","title":{"rendered":"Bart\u00f6l"},"content":{"rendered":"","protected":false},"excerpt":{"rendered":"<p>Barboleo ist ein hervorragendes Produkt, das eine F\u00fclle von Vitaminen und Fetts\u00e4uren enth\u00e4lt, die speziell entwickelt wurden, um jeden Bart zu n\u00e4hren, mit Feuchtigkeit zu versorgen und weich zu machen. Ob Ihr Bart lang oder kurz ist, dieses \u00d6l wird sich bei der t\u00e4glichen Pflege als unverzichtbar erweisen.<\/p>\n<p>&nbsp;<\/p>\n<h4><a href=\"https:\/\/panjo.pl\/wp-content\/uploads\/2024\/10\/5.png\"><img loading=\"lazy\" decoding=\"async\" class=\"alignnone wp-image-2570\" src=\"https:\/\/panjo.pl\/wp-content\/uploads\/2024\/10\/5-300x300.png\" alt=\"\" width=\"107\" height=\"107\" srcset=\"https:\/\/panjo.pl\/wp-content\/uploads\/2024\/10\/5-300x300.png 300w, https:\/\/panjo.pl\/wp-content\/uploads\/2024\/10\/5-1024x1024.png 1024w, https:\/\/panjo.pl\/wp-content\/uploads\/2024\/10\/5-150x150.png 150w, https:\/\/panjo.pl\/wp-content\/uploads\/2024\/10\/5-768x768.png 768w, https:\/\/panjo.pl\/wp-content\/uploads\/2024\/10\/5-12x12.png 12w, https:\/\/panjo.pl\/wp-content\/uploads\/2024\/10\/5-600x600.png 600w, https:\/\/panjo.pl\/wp-content\/uploads\/2024\/10\/5-100x100.png 100w, https:\/\/panjo.pl\/wp-content\/uploads\/2024\/10\/5.png 1080w\" sizes=\"auto, (max-width: 107px) 100vw, 107px\" \/><\/a> \u00a0<a href=\"https:\/\/panjo.pl\/wp-content\/uploads\/2024\/10\/4-1.png\"><img loading=\"lazy\" decoding=\"async\" class=\"alignnone wp-image-2569\" src=\"https:\/\/panjo.pl\/wp-content\/uploads\/2024\/10\/4-1-300x300.png\" alt=\"\" width=\"106\" height=\"106\" srcset=\"https:\/\/panjo.pl\/wp-content\/uploads\/2024\/10\/4-1-300x300.png 300w, https:\/\/panjo.pl\/wp-content\/uploads\/2024\/10\/4-1-1024x1024.png 1024w, https:\/\/panjo.pl\/wp-content\/uploads\/2024\/10\/4-1-150x150.png 150w, https:\/\/panjo.pl\/wp-content\/uploads\/2024\/10\/4-1-768x768.png 768w, https:\/\/panjo.pl\/wp-content\/uploads\/2024\/10\/4-1-12x12.png 12w, https:\/\/panjo.pl\/wp-content\/uploads\/2024\/10\/4-1-600x600.png 600w, https:\/\/panjo.pl\/wp-content\/uploads\/2024\/10\/4-1-100x100.png 100w, https:\/\/panjo.pl\/wp-content\/uploads\/2024\/10\/4-1.png 1080w\" sizes=\"auto, (max-width: 106px) 100vw, 106px\" \/><\/a>\u00a0 <a href=\"https:\/\/panjo.pl\/wp-content\/uploads\/2024\/10\/3-1.png\"><img loading=\"lazy\" decoding=\"async\" class=\"alignnone wp-image-2567\" src=\"https:\/\/panjo.pl\/wp-content\/uploads\/2024\/10\/3-1-300x300.png\" alt=\"\" width=\"106\" height=\"106\" srcset=\"https:\/\/panjo.pl\/wp-content\/uploads\/2024\/10\/3-1-300x300.png 300w, https:\/\/panjo.pl\/wp-content\/uploads\/2024\/10\/3-1-1024x1024.png 1024w, https:\/\/panjo.pl\/wp-content\/uploads\/2024\/10\/3-1-150x150.png 150w, https:\/\/panjo.pl\/wp-content\/uploads\/2024\/10\/3-1-768x768.png 768w, https:\/\/panjo.pl\/wp-content\/uploads\/2024\/10\/3-1-12x12.png 12w, https:\/\/panjo.pl\/wp-content\/uploads\/2024\/10\/3-1-600x600.png 600w, https:\/\/panjo.pl\/wp-content\/uploads\/2024\/10\/3-1-100x100.png 100w, https:\/\/panjo.pl\/wp-content\/uploads\/2024\/10\/3-1.png 1080w\" sizes=\"auto, (max-width: 106px) 100vw, 106px\" \/><\/a><\/h4>","protected":false},"featured_media":1414,"comment_status":"open","ping_status":"closed","template":"","meta":{"_acf_changed":false,"inline_featured_image":false},"product_cat":[15],"product_tag":[],"class_list":["post-410","product","type-product","status-publish","has-post-thumbnail","hentry","product_cat-bez-kategorii"],"acf":[],"_links":{"self":[{"href":"https:\/\/panjo.pl\/de\/wp-json\/wp\/v2\/product\/410","targetHints":{"allow":["GET"]}}],"collection":[{"href":"https:\/\/panjo.pl\/de\/wp-json\/wp\/v2\/product"}],"about":[{"href":"https:\/\/panjo.pl\/de\/wp-json\/wp\/v2\/types\/product"}],"replies":[{"embeddable":true,"href":"https:\/\/panjo.pl\/de\/wp-json\/wp\/v2\/comments?post=410"}],"wp:featuredmedia":[{"embeddable":true,"href":"https:\/\/panjo.pl\/de\/wp-json\/wp\/v2\/media\/1414"}],"wp:attachment":[{"href":"https:\/\/panjo.pl\/de\/wp-json\/wp\/v2\/media?parent=410"}],"wp:term":[{"taxonomy":"product_cat","embeddable":true,"href":"https:\/\/panjo.pl\/de\/wp-json\/wp\/v2\/product_cat?post=410"},{"taxonomy":"product_tag","embeddable":true,"href":"https:\/\/panjo.pl\/de\/wp-json\/wp\/v2\/product_tag?post=410"}],"curies":[{"name":"wp","href":"https:\/\/api.w.org\/{rel}","templated":true}]}}