{"id":994,"date":"2023-01-23T10:44:47","date_gmt":"2023-01-23T08:44:47","guid":{"rendered":"https:\/\/panjo.pl\/?post_type=product&#038;p=994"},"modified":"2025-06-25T20:07:18","modified_gmt":"2025-06-25T18:07:18","slug":"broso-sekorpa-agawa","status":"publish","type":"product","link":"https:\/\/panjo.pl\/de\/product\/broso-sekorpa-agawa\/","title":{"rendered":"Hartk\u00f6rper-Massageb\u00fcrste"},"content":{"rendered":"","protected":false},"excerpt":{"rendered":"<p><strong>Ein K\u00f6rper ohne Dehnungsstreifen?<\/strong><br \/>\nKlingt wundersch\u00f6n. \u2665\ufe0f<\/p>\n<p>Und mit einer trockenen Massageb\u00fcrste ist es m\u00f6glich!<br \/>\nTrockenes K\u00f6rperb\u00fcrsten mit Broso Sekorpa hilft, Ihre Haut zu gl\u00e4tten, zu straffen und zu st\u00e4rken. Sie wird widerstandsf\u00e4higer gegen Dehnung und die Bildung von unerw\u00fcnschten Dehnungsstreifen.<\/p>\n<p>&nbsp;<\/p>\n<p><b>Material<\/b>Buche: Buchenholz<\/p>\n<p><b>Borsten<\/b>: harte Agave<\/p>\n<p><b>Produkt<\/b>: \u00d6kologisch und biologisch abbaubar<\/p>","protected":false},"featured_media":1408,"comment_status":"open","ping_status":"closed","template":"","meta":{"_acf_changed":false,"inline_featured_image":false},"product_cat":[28,21,23],"product_tag":[],"class_list":["post-994","product","type-product","status-publish","has-post-thumbnail","hentry","product_cat-akcesoria","product_cat-ciaza","product_cat-mama"],"acf":[],"_links":{"self":[{"href":"https:\/\/panjo.pl\/de\/wp-json\/wp\/v2\/product\/994","targetHints":{"allow":["GET"]}}],"collection":[{"href":"https:\/\/panjo.pl\/de\/wp-json\/wp\/v2\/product"}],"about":[{"href":"https:\/\/panjo.pl\/de\/wp-json\/wp\/v2\/types\/product"}],"replies":[{"embeddable":true,"href":"https:\/\/panjo.pl\/de\/wp-json\/wp\/v2\/comments?post=994"}],"wp:featuredmedia":[{"embeddable":true,"href":"https:\/\/panjo.pl\/de\/wp-json\/wp\/v2\/media\/1408"}],"wp:attachment":[{"href":"https:\/\/panjo.pl\/de\/wp-json\/wp\/v2\/media?parent=994"}],"wp:term":[{"taxonomy":"product_cat","embeddable":true,"href":"https:\/\/panjo.pl\/de\/wp-json\/wp\/v2\/product_cat?post=994"},{"taxonomy":"product_tag","embeddable":true,"href":"https:\/\/panjo.pl\/de\/wp-json\/wp\/v2\/product_tag?post=994"}],"curies":[{"name":"wp","href":"https:\/\/api.w.org\/{rel}","templated":true}]}}